{"id":1326,"date":"2026-04-21T15:00:37","date_gmt":"2026-04-21T15:00:37","guid":{"rendered":"https:\/\/pilleri.chelly.ee\/toode\/lovegra-100mg\/"},"modified":"2026-04-24T05:19:48","modified_gmt":"2026-04-24T05:19:48","slug":"lovegra-100mg","status":"publish","type":"product","link":"https:\/\/kullipilleri.shop\/fi\/tuote\/lovegra-100mg\/","title":{"rendered":"LVGR 100"},"content":{"rendered":"","protected":false},"excerpt":{"rendered":"<p><strong>Lovegra 100<\/strong>, joka tunnetaan my\u00f6s nimell\u00e4 &#8221;Viagra for women&#8221;, on erityisesti naisille kehitetty suosittu muoto sildenafiilisitraattitableteista. Se on v\u00e4rilt\u00e4\u00e4n vaaleanpunainen ja pakattu 4 tabletin l\u00e4pipainopakkauksiin. Viime aikoina avoin keskustelu naisten seksuaalitiloista on yleistynyt.<\/p>\n","protected":false},"featured_media":7198,"template":"","meta":{"_acf_changed":false},"product_brand":[],"product_cat":[96],"product_tag":[],"class_list":{"0":"post-1326","1":"product","2":"type-product","3":"status-publish","4":"has-post-thumbnail","6":"product_cat-tuotteet-naisille","8":"first","9":"instock","10":"shipping-taxable","11":"purchasable","12":"product-type-simple"},"acf":[],"yoast_head":"<!-- This site is optimized with the Yoast SEO Premium plugin v25.3.1 (Yoast SEO v27.5) - https:\/\/yoast.com\/product\/yoast-seo-premium-wordpress\/ -->\n<title>LVGR 100 - Kullipilleri.com<\/title>\n<meta name=\"robots\" content=\"index, follow, max-snippet:-1, max-image-preview:large, max-video-preview:-1\" \/>\n<link rel=\"canonical\" href=\"https:\/\/kullipilleri.shop\/fi\/tuote\/lovegra-100mg\/\" \/>\n<meta property=\"og:locale\" content=\"fi_FI\" \/>\n<meta property=\"og:type\" content=\"article\" \/>\n<meta property=\"og:title\" content=\"LVGR 100\" \/>\n<meta property=\"og:description\" content=\"Lovegra 100, joka tunnetaan my\u00f6s nimell\u00e4 &quot;Viagra for women&quot;, on erityisesti naisille kehitetty suosittu muoto sildenafiilisitraattitableteista. Se on v\u00e4rilt\u00e4\u00e4n vaaleanpunainen ja pakattu 4 tabletin l\u00e4pipainopakkauksiin. Viime aikoina avoin keskustelu naisten seksuaalitiloista on yleistynyt.\" \/>\n<meta property=\"og:url\" content=\"https:\/\/kullipilleri.shop\/fi\/tuote\/lovegra-100mg\/\" \/>\n<meta property=\"og:site_name\" content=\"Kullipilleri.com\" \/>\n<meta property=\"article:modified_time\" content=\"2026-04-24T05:19:48+00:00\" \/>\n<meta property=\"og:image\" content=\"https:\/\/kullipilleri.shop\/wp-content\/uploads\/2023\/02\/03367d5c-e31d-4a65-b366-dacc4df0c092-1.jpg\" \/>\n\t<meta property=\"og:image:width\" content=\"700\" \/>\n\t<meta property=\"og:image:height\" content=\"700\" \/>\n\t<meta property=\"og:image:type\" content=\"image\/jpeg\" \/>\n<meta name=\"twitter:card\" content=\"summary_large_image\" \/>\n<meta name=\"twitter:label1\" content=\"Hinta\" \/>\n\t<meta name=\"twitter:data1\" content=\"15,00&euro;\" \/>\n\t<meta name=\"twitter:label2\" content=\"Saatavuus\" \/>\n\t<meta name=\"twitter:data2\" content=\"Varastossa\" \/>\n<script type=\"application\/ld+json\" class=\"yoast-schema-graph\">{\"@context\":\"https:\\\/\\\/schema.org\",\"@graph\":[{\"@type\":\"WebPage\",\"@id\":\"https:\\\/\\\/kullipilleri.shop\\\/fi\\\/tuote\\\/lovegra-100mg\\\/\",\"url\":\"https:\\\/\\\/kullipilleri.shop\\\/fi\\\/tuote\\\/lovegra-100mg\\\/\",\"name\":\"LVGR 100 - Kullipilleri.com\",\"isPartOf\":{\"@id\":\"https:\\\/\\\/kullipilleri.shop\\\/#website\"},\"primaryImageOfPage\":{\"@id\":\"https:\\\/\\\/kullipilleri.shop\\\/fi\\\/tuote\\\/lovegra-100mg\\\/#primaryimage\"},\"image\":{\"@id\":\"https:\\\/\\\/kullipilleri.shop\\\/fi\\\/tuote\\\/lovegra-100mg\\\/#primaryimage\"},\"thumbnailUrl\":\"https:\\\/\\\/kullipilleri.shop\\\/wp-content\\\/uploads\\\/2023\\\/02\\\/03367d5c-e31d-4a65-b366-dacc4df0c092-1.jpg\",\"datePublished\":\"2026-04-21T15:00:37+00:00\",\"dateModified\":\"2026-04-24T05:19:48+00:00\",\"breadcrumb\":{\"@id\":\"https:\\\/\\\/kullipilleri.shop\\\/fi\\\/tuote\\\/lovegra-100mg\\\/#breadcrumb\"},\"inLanguage\":\"fi\",\"potentialAction\":[{\"@type\":\"ReadAction\",\"target\":[\"https:\\\/\\\/kullipilleri.shop\\\/fi\\\/tuote\\\/lovegra-100mg\\\/\"]}]},{\"@type\":\"ImageObject\",\"inLanguage\":\"fi\",\"@id\":\"https:\\\/\\\/kullipilleri.shop\\\/fi\\\/tuote\\\/lovegra-100mg\\\/#primaryimage\",\"url\":\"https:\\\/\\\/kullipilleri.shop\\\/wp-content\\\/uploads\\\/2023\\\/02\\\/03367d5c-e31d-4a65-b366-dacc4df0c092-1.jpg\",\"contentUrl\":\"https:\\\/\\\/kullipilleri.shop\\\/wp-content\\\/uploads\\\/2023\\\/02\\\/03367d5c-e31d-4a65-b366-dacc4df0c092-1.jpg\",\"width\":700,\"height\":700},{\"@type\":\"BreadcrumbList\",\"@id\":\"https:\\\/\\\/kullipilleri.shop\\\/fi\\\/tuote\\\/lovegra-100mg\\\/#breadcrumb\",\"itemListElement\":[{\"@type\":\"ListItem\",\"position\":1,\"name\":\"Home\",\"item\":\"https:\\\/\\\/kullipilleri.shop\\\/fi\\\/\"},{\"@type\":\"ListItem\",\"position\":2,\"name\":\"Kauppa\",\"item\":\"https:\\\/\\\/kullipilleri.shop\\\/fi\\\/\"},{\"@type\":\"ListItem\",\"position\":3,\"name\":\"LVGR 100\"}]},{\"@type\":\"WebSite\",\"@id\":\"https:\\\/\\\/kullipilleri.shop\\\/#website\",\"url\":\"https:\\\/\\\/kullipilleri.shop\\\/\",\"name\":\"Kullipilleri.com\",\"description\":\"Laadukkaat potenssipillerit erekti\u00f6h\u00e4iri\u00f6iden hoitoon\",\"publisher\":{\"@id\":\"https:\\\/\\\/kullipilleri.shop\\\/#organization\"},\"potentialAction\":[{\"@type\":\"SearchAction\",\"target\":{\"@type\":\"EntryPoint\",\"urlTemplate\":\"https:\\\/\\\/kullipilleri.shop\\\/?s={search_term_string}\"},\"query-input\":{\"@type\":\"PropertyValueSpecification\",\"valueRequired\":true,\"valueName\":\"search_term_string\"}}],\"inLanguage\":\"fi\"},{\"@type\":\"Organization\",\"@id\":\"https:\\\/\\\/kullipilleri.shop\\\/#organization\",\"name\":\"KulliPilleri\",\"url\":\"https:\\\/\\\/kullipilleri.shop\\\/\",\"logo\":{\"@type\":\"ImageObject\",\"inLanguage\":\"fi\",\"@id\":\"https:\\\/\\\/kullipilleri.shop\\\/#\\\/schema\\\/logo\\\/image\\\/\",\"url\":\"https:\\\/\\\/kullipilleri.shop\\\/wp-content\\\/uploads\\\/2023\\\/02\\\/ikoon.png\",\"contentUrl\":\"https:\\\/\\\/kullipilleri.shop\\\/wp-content\\\/uploads\\\/2023\\\/02\\\/ikoon.png\",\"width\":513,\"height\":513,\"caption\":\"KulliPilleri\"},\"image\":{\"@id\":\"https:\\\/\\\/kullipilleri.shop\\\/#\\\/schema\\\/logo\\\/image\\\/\"}}]}<\/script>\n<meta property=\"product:brand\" content=\"Tuotteet naisille\" \/>\n<meta property=\"product:price:amount\" content=\"15.00\" \/>\n<meta property=\"product:price:currency\" content=\"EUR\" \/>\n<meta property=\"og:availability\" content=\"instock\" \/>\n<meta property=\"product:availability\" content=\"instock\" \/>\n<meta property=\"product:condition\" content=\"new\" \/>\n<!-- \/ Yoast SEO Premium plugin. -->","yoast_head_json":{"title":"LVGR 100 - Kullipilleri.com","robots":{"index":"index","follow":"follow","max-snippet":"max-snippet:-1","max-image-preview":"max-image-preview:large","max-video-preview":"max-video-preview:-1"},"canonical":"https:\/\/kullipilleri.shop\/fi\/tuote\/lovegra-100mg\/","og_locale":"fi_FI","og_type":"article","og_title":"LVGR 100","og_description":"Lovegra 100, joka tunnetaan my\u00f6s nimell\u00e4 \"Viagra for women\", on erityisesti naisille kehitetty suosittu muoto sildenafiilisitraattitableteista. Se on v\u00e4rilt\u00e4\u00e4n vaaleanpunainen ja pakattu 4 tabletin l\u00e4pipainopakkauksiin. Viime aikoina avoin keskustelu naisten seksuaalitiloista on yleistynyt.","og_url":"https:\/\/kullipilleri.shop\/fi\/tuote\/lovegra-100mg\/","og_site_name":"Kullipilleri.com","article_modified_time":"2026-04-24T05:19:48+00:00","og_image":[{"width":700,"height":700,"url":"https:\/\/kullipilleri.shop\/wp-content\/uploads\/2023\/02\/03367d5c-e31d-4a65-b366-dacc4df0c092-1.jpg","type":"image\/jpeg"}],"twitter_card":"summary_large_image","twitter_misc":{"Hinta":"15,00&euro;","Saatavuus":"Varastossa"},"schema":{"@context":"https:\/\/schema.org","@graph":[{"@type":"WebPage","@id":"https:\/\/kullipilleri.shop\/fi\/tuote\/lovegra-100mg\/","url":"https:\/\/kullipilleri.shop\/fi\/tuote\/lovegra-100mg\/","name":"LVGR 100 - Kullipilleri.com","isPartOf":{"@id":"https:\/\/kullipilleri.shop\/#website"},"primaryImageOfPage":{"@id":"https:\/\/kullipilleri.shop\/fi\/tuote\/lovegra-100mg\/#primaryimage"},"image":{"@id":"https:\/\/kullipilleri.shop\/fi\/tuote\/lovegra-100mg\/#primaryimage"},"thumbnailUrl":"https:\/\/kullipilleri.shop\/wp-content\/uploads\/2023\/02\/03367d5c-e31d-4a65-b366-dacc4df0c092-1.jpg","datePublished":"2026-04-21T15:00:37+00:00","dateModified":"2026-04-24T05:19:48+00:00","breadcrumb":{"@id":"https:\/\/kullipilleri.shop\/fi\/tuote\/lovegra-100mg\/#breadcrumb"},"inLanguage":"fi","potentialAction":[{"@type":"ReadAction","target":["https:\/\/kullipilleri.shop\/fi\/tuote\/lovegra-100mg\/"]}]},{"@type":"ImageObject","inLanguage":"fi","@id":"https:\/\/kullipilleri.shop\/fi\/tuote\/lovegra-100mg\/#primaryimage","url":"https:\/\/kullipilleri.shop\/wp-content\/uploads\/2023\/02\/03367d5c-e31d-4a65-b366-dacc4df0c092-1.jpg","contentUrl":"https:\/\/kullipilleri.shop\/wp-content\/uploads\/2023\/02\/03367d5c-e31d-4a65-b366-dacc4df0c092-1.jpg","width":700,"height":700},{"@type":"BreadcrumbList","@id":"https:\/\/kullipilleri.shop\/fi\/tuote\/lovegra-100mg\/#breadcrumb","itemListElement":[{"@type":"ListItem","position":1,"name":"Home","item":"https:\/\/kullipilleri.shop\/fi\/"},{"@type":"ListItem","position":2,"name":"Kauppa","item":"https:\/\/kullipilleri.shop\/fi\/"},{"@type":"ListItem","position":3,"name":"LVGR 100"}]},{"@type":"WebSite","@id":"https:\/\/kullipilleri.shop\/#website","url":"https:\/\/kullipilleri.shop\/","name":"Kullipilleri.com","description":"Laadukkaat potenssipillerit erekti\u00f6h\u00e4iri\u00f6iden hoitoon","publisher":{"@id":"https:\/\/kullipilleri.shop\/#organization"},"potentialAction":[{"@type":"SearchAction","target":{"@type":"EntryPoint","urlTemplate":"https:\/\/kullipilleri.shop\/?s={search_term_string}"},"query-input":{"@type":"PropertyValueSpecification","valueRequired":true,"valueName":"search_term_string"}}],"inLanguage":"fi"},{"@type":"Organization","@id":"https:\/\/kullipilleri.shop\/#organization","name":"KulliPilleri","url":"https:\/\/kullipilleri.shop\/","logo":{"@type":"ImageObject","inLanguage":"fi","@id":"https:\/\/kullipilleri.shop\/#\/schema\/logo\/image\/","url":"https:\/\/kullipilleri.shop\/wp-content\/uploads\/2023\/02\/ikoon.png","contentUrl":"https:\/\/kullipilleri.shop\/wp-content\/uploads\/2023\/02\/ikoon.png","width":513,"height":513,"caption":"KulliPilleri"},"image":{"@id":"https:\/\/kullipilleri.shop\/#\/schema\/logo\/image\/"}}]},"product_brand":"Tuotteet naisille","product_price_amount":"15.00","product_price_currency":"EUR","og_availability":"instock","product_availability":"instock","product_condition":"new"},"_links":{"self":[{"href":"https:\/\/kullipilleri.shop\/fi\/wp-json\/wp\/v2\/product\/1326","targetHints":{"allow":["GET"]}}],"collection":[{"href":"https:\/\/kullipilleri.shop\/fi\/wp-json\/wp\/v2\/product"}],"about":[{"href":"https:\/\/kullipilleri.shop\/fi\/wp-json\/wp\/v2\/types\/product"}],"wp:featuredmedia":[{"embeddable":true,"href":"https:\/\/kullipilleri.shop\/fi\/wp-json\/wp\/v2\/media\/7198"}],"wp:attachment":[{"href":"https:\/\/kullipilleri.shop\/fi\/wp-json\/wp\/v2\/media?parent=1326"}],"wp:term":[{"taxonomy":"product_brand","embeddable":true,"href":"https:\/\/kullipilleri.shop\/fi\/wp-json\/wp\/v2\/product_brand?post=1326"},{"taxonomy":"product_cat","embeddable":true,"href":"https:\/\/kullipilleri.shop\/fi\/wp-json\/wp\/v2\/product_cat?post=1326"},{"taxonomy":"product_tag","embeddable":true,"href":"https:\/\/kullipilleri.shop\/fi\/wp-json\/wp\/v2\/product_tag?post=1326"}],"curies":[{"name":"wp","href":"https:\/\/api.w.org\/{rel}","templated":true}]}}