{"id":990,"date":"2020-10-04T18:05:07","date_gmt":"2020-10-04T18:05:07","guid":{"rendered":"https:\/\/pilleri.chelly.ee\/yhteystiedot\/"},"modified":"2025-01-21T19:28:01","modified_gmt":"2025-01-21T19:28:01","slug":"yhteystiedot","status":"publish","type":"page","link":"https:\/\/kullipilleri.shop\/fi\/yhteystiedot\/","title":{"rendered":"Yhteystiedot"},"content":{"rendered":"\t\t<div data-elementor-type=\"wp-page\" data-elementor-id=\"990\" class=\"elementor elementor-990 elementor-261\" data-elementor-post-type=\"page\">\n\t\t\t\t\t\t<section class=\"elementor-section elementor-top-section elementor-element elementor-element-38d37d5 elementor-section-full_width elementor-section-height-default elementor-section-height-default\" data-id=\"38d37d5\" data-element_type=\"section\" data-e-type=\"section\">\n\t\t\t\t\t\t<div class=\"elementor-container elementor-column-gap-no\">\n\t\t\t\t\t<div class=\"elementor-column elementor-col-100 elementor-top-column elementor-element elementor-element-12e2885\" data-id=\"12e2885\" data-element_type=\"column\" data-e-type=\"column\">\n\t\t\t<div class=\"elementor-widget-wrap elementor-element-populated\">\n\t\t\t\t\t\t<div class=\"elementor-element elementor-element-9567197 elementor-widget elementor-widget-medibazar-breadcrumb\" data-id=\"9567197\" data-element_type=\"widget\" data-e-type=\"widget\" data-widget_type=\"medibazar-breadcrumb.default\">\n\t\t\t\t<div class=\"elementor-widget-container\">\n\t\t\t\t\t<div class=\"breadcrumb-area pt-125 pb-125\" style=\"background-image:url(https:\/\/kullipilleri.shop\/wp-content\/uploads\/2023\/02\/backgorund.jpg)\"><div class=\"container\"><div class=\"klb-breadcrumb-wrapper\"><div class=\"row\"><div class=\"col-xl-12\"><div class=\"breadcrumb-text\"><h1>Yhteystiedot<\/h1><\/div><\/div><ul class=\"breadcrumb-menu\"><li><a  href=\"https:\/\/kullipilleri.shop\/fi\/\" title=\"Etusivu\" rel=\"bookmark\">Etusivu<\/a> <\/li>  <\/ul><\/div><\/div><\/div><\/div>\t\t\t\t<\/div>\n\t\t\t\t<\/div>\n\t\t\t\t\t<\/div>\n\t\t<\/div>\n\t\t\t\t\t<\/div>\n\t\t<\/section>\n\t\t\t\t<section class=\"elementor-section elementor-top-section elementor-element elementor-element-543fef7 elementor-section-content-middle elementor-section-boxed elementor-section-height-default elementor-section-height-default\" data-id=\"543fef7\" data-element_type=\"section\" data-e-type=\"section\">\n\t\t\t\t\t\t<div class=\"elementor-container elementor-column-gap-extended\">\n\t\t\t\t\t<div class=\"elementor-column elementor-col-33 elementor-top-column elementor-element elementor-element-d0e230e\" data-id=\"d0e230e\" data-element_type=\"column\" data-e-type=\"column\">\n\t\t\t<div class=\"elementor-widget-wrap elementor-element-populated\">\n\t\t\t\t\t\t<div class=\"elementor-element elementor-element-aa2b926 elementor-widget elementor-widget-medibazar-contact-list\" data-id=\"aa2b926\" data-element_type=\"widget\" data-e-type=\"widget\" data-widget_type=\"medibazar-contact-list.default\">\n\t\t\t\t<div class=\"elementor-widget-container\">\n\t\t\t\t\t<div class=\"contact-address-wrapper\"><div class=\"section-title mb-30\"><h2>KulliPilleri<\/h2><p><\/p><\/div><ul class=\"contact-address-link\"><li><div class=\"contact-address-icon f-left mr-25\"><i class=\"far fa-envelope-open\"><\/i><\/div><div class=\"contact-address-text\"><span>s\u00e4hk\u00f6posti<\/span><h4>info@kullipilleri.shop<\/h4><\/div><\/li><li><div class=\"contact-address-icon f-left mr-25\"><i class=\"far fa-clock\"><\/i><\/div><div class=\"contact-address-text\"><span>Vastaamme s\u00e4hk\u00f6posteihin<\/span><h4>Arkip\u00e4ivisin<br> 10:00 - 17:00<\/h4><\/div><\/li><\/ul><\/div>\t\t\t\t<\/div>\n\t\t\t\t<\/div>\n\t\t\t\t<div class=\"elementor-element elementor-element-50f978b elementor-widget__width-initial elementor-absolute elementor-widget elementor-widget-html\" data-id=\"50f978b\" data-element_type=\"widget\" data-e-type=\"widget\" data-settings=\"{&quot;_position&quot;:&quot;absolute&quot;}\" data-widget_type=\"html.default\">\n\t\t\t\t<div class=\"elementor-widget-container\">\n\t\t\t\t\t<a href=\"https:\/\/wa.me\/37256161626\"><img decoding=\"async\" alt=\"Chat on WhatsApp\" src=\"\/wp-content\/uploads\/2023\/04\/whatsapp-logo.png\"\/><\/a>\t\t\t\t<\/div>\n\t\t\t\t<\/div>\n\t\t\t\t<div class=\"elementor-element elementor-element-472700b elementor-widget-mobile__width-initial elementor-absolute elementor-widget elementor-widget-text-editor\" data-id=\"472700b\" data-element_type=\"widget\" data-e-type=\"widget\" data-settings=\"{&quot;_position&quot;:&quot;absolute&quot;}\" data-widget_type=\"text-editor.default\">\n\t\t\t\t<div class=\"elementor-widget-container\">\n\t\t\t\t\t\t\t\t\t<h5><a href=\"https:\/\/wa.me\/37256161626\" aria-label=\"Chat on WhatsApp\">Click to WhatsApp<\/a><br \/>Joka p\u00e4iv\u00e4\u00e4 10:00-22:00<\/h5>\t\t\t\t\t\t\t\t<\/div>\n\t\t\t\t<\/div>\n\t\t\t\t<div class=\"elementor-element elementor-element-1a15029 elementor-absolute elementor-widget-mobile__width-auto elementor-view-default elementor-widget elementor-widget-icon\" data-id=\"1a15029\" data-element_type=\"widget\" data-e-type=\"widget\" data-settings=\"{&quot;_position&quot;:&quot;absolute&quot;}\" data-widget_type=\"icon.default\">\n\t\t\t\t<div class=\"elementor-widget-container\">\n\t\t\t\t\t\t\t<div class=\"elementor-icon-wrapper\">\n\t\t\t<a class=\"elementor-icon\" href=\"https:\/\/t.me\/kullipilleri\">\n\t\t\t<i aria-hidden=\"true\" class=\"fab fa-telegram-plane\"><\/i>\t\t\t<\/a>\n\t\t<\/div>\n\t\t\t\t\t\t<\/div>\n\t\t\t\t<\/div>\n\t\t\t\t<div class=\"elementor-element elementor-element-8e53fcc elementor-absolute elementor-widget-mobile__width-auto elementor-view-default elementor-widget elementor-widget-icon\" data-id=\"8e53fcc\" data-element_type=\"widget\" data-e-type=\"widget\" data-settings=\"{&quot;_position&quot;:&quot;absolute&quot;}\" data-widget_type=\"icon.default\">\n\t\t\t\t<div class=\"elementor-widget-container\">\n\t\t\t\t\t\t\t<div class=\"elementor-icon-wrapper\">\n\t\t\t<a class=\"elementor-icon\" href=\"tel:+37256161626\">\n\t\t\t<i aria-hidden=\"true\" class=\"fab fa-viber\"><\/i>\t\t\t<\/a>\n\t\t<\/div>\n\t\t\t\t\t\t<\/div>\n\t\t\t\t<\/div>\n\t\t\t\t<div class=\"elementor-element elementor-element-0a16d48 elementor-widget-mobile__width-initial elementor-absolute elementor-widget elementor-widget-text-editor\" data-id=\"0a16d48\" data-element_type=\"widget\" data-e-type=\"widget\" data-settings=\"{&quot;_position&quot;:&quot;absolute&quot;}\" data-widget_type=\"text-editor.default\">\n\t\t\t\t<div class=\"elementor-widget-container\">\n\t\t\t\t\t\t\t\t\t<h5><a href=\"https:\/\/t.me\/kullipilleri\" target=\"_blank\" rel=\"noopener\">Click to Telegram<\/a><br \/>Joka p\u00e4iv\u00e4\u00e4 10:00-22:00<\/h5>\t\t\t\t\t\t\t\t<\/div>\n\t\t\t\t<\/div>\n\t\t\t\t<div class=\"elementor-element elementor-element-1f5e6b5 elementor-widget-mobile__width-initial elementor-absolute elementor-widget elementor-widget-text-editor\" data-id=\"1f5e6b5\" data-element_type=\"widget\" data-e-type=\"widget\" data-settings=\"{&quot;_position&quot;:&quot;absolute&quot;}\" data-widget_type=\"text-editor.default\">\n\t\t\t\t<div class=\"elementor-widget-container\">\n\t\t\t\t\t\t\t\t\t<h5><a href=\"tel:+37254515479\">Click to Viber<\/a><br \/>Joka p\u00e4iv\u00e4\u00e4 10:00-22:00<\/h5>\t\t\t\t\t\t\t\t<\/div>\n\t\t\t\t<\/div>\n\t\t\t\t\t<\/div>\n\t\t<\/div>\n\t\t\t\t<div class=\"elementor-column elementor-col-66 elementor-top-column elementor-element elementor-element-fcdb12f\" data-id=\"fcdb12f\" data-element_type=\"column\" data-e-type=\"column\">\n\t\t\t<div class=\"elementor-widget-wrap elementor-element-populated\">\n\t\t\t\t\t\t<div class=\"elementor-element elementor-element-206ba78 elementor-widget elementor-widget-medibazar-contact-form-7\" data-id=\"206ba78\" data-element_type=\"widget\" data-e-type=\"widget\" data-widget_type=\"medibazar-contact-form-7.default\">\n\t\t\t\t<div class=\"elementor-widget-container\">\n\t\t\t\t\t<div class=\"klb-contact-form\"><div class=\"section-title text-center mb-65\"><h2>Ota yhteytt\u00e4<\/h2><p>Vastaamme s\u00e4hk\u00f6posteihin 1-2 ty\u00f6p\u00e4iv\u00e4n kuluessa<\/p><\/div>\n<div class=\"wpcf7 no-js\" id=\"wpcf7-f1619-o1\" lang=\"en-US\" dir=\"ltr\" data-wpcf7-id=\"1619\">\n<div class=\"screen-reader-response\"><p role=\"status\" aria-live=\"polite\" aria-atomic=\"true\"><\/p> <ul><\/ul><\/div>\n<form action=\"\/fi\/wp-json\/wp\/v2\/pages\/990#wpcf7-f1619-o1\" method=\"post\" class=\"wpcf7-form init\" aria-label=\"Contact form\" novalidate=\"novalidate\" data-status=\"init\">\n<fieldset class=\"hidden-fields-container\"><input type=\"hidden\" name=\"_wpcf7\" value=\"1619\" \/><input type=\"hidden\" name=\"_wpcf7_version\" value=\"6.1.5\" \/><input type=\"hidden\" name=\"_wpcf7_locale\" value=\"en_US\" \/><input type=\"hidden\" name=\"_wpcf7_unit_tag\" value=\"wpcf7-f1619-o1\" \/><input type=\"hidden\" name=\"_wpcf7_container_post\" value=\"0\" \/><input type=\"hidden\" name=\"_wpcf7_posted_data_hash\" value=\"\" \/><input type=\"hidden\" name=\"nlang\" value=\"fi\" \/>\n<\/fieldset>\n<div class=\"contacts-form \">\n\t<div class=\"row\">\n\t<input class=\"wpcf7-form-control wpcf7-hidden\" id=\"tooted-field\" value=\"\" type=\"hidden\" name=\"tooted\" \/>\n\t<input class=\"wpcf7-form-control wpcf7-hidden\" id=\"tooted-meta\" value=\"\" type=\"hidden\" name=\"tooted_meta\" \/>\n\t<input class=\"wpcf7-form-control wpcf7-hidden\" value=\"yes\" type=\"hidden\" name=\"newsletter\" \/>\n\t\t<div class=\"col-lg-6 col-md-12\">\n\t\t\t<div class=\"contacts-icon contactss-name\">\n\t\t\t\t<p><span class=\"wpcf7-form-control-wrap\" data-name=\"your-name\"><input size=\"40\" maxlength=\"400\" class=\"wpcf7-form-control wpcf7-text wpcf7-validates-as-required\" aria-required=\"true\" aria-invalid=\"false\" placeholder=\"Nimi *\" value=\"\" type=\"text\" name=\"your-name\" \/><\/span>\n\t\t\t\t<\/p>\n\t\t\t<\/div>\n\t\t<\/div>\n\t\t<div class=\"col-lg-6 col-md-12\">\n\t\t\t<div class=\"contacts-icon contactss-email\">\n\t\t\t\t<p><span class=\"wpcf7-form-control-wrap\" data-name=\"your-email\"><input size=\"40\" maxlength=\"400\" class=\"wpcf7-form-control wpcf7-email wpcf7-validates-as-required wpcf7-text wpcf7-validates-as-email\" aria-required=\"true\" aria-invalid=\"false\" placeholder=\"S\u00e4hk\u00f6posti *\" value=\"\" type=\"email\" name=\"your-email\" \/><\/span>\n\t\t\t\t<\/p>\n\t\t\t<\/div>\n\t\t<\/div>\n\t\t<div class=\"col-lg-12 col-md-12\">\n\t\t\t<div class=\"contacts-icon contactss-email\">\n\t\t\t\t<p><span class=\"wpcf7-form-control-wrap\" data-name=\"your-email-confirm\"><input size=\"40\" maxlength=\"400\" class=\"wpcf7-form-control wpcf7-email wpcf7-validates-as-required wpcf7-text wpcf7-validates-as-email\" aria-required=\"true\" aria-invalid=\"false\" placeholder=\"Vahvista s\u00e4hk\u00f6postiosoitteesi *\" value=\"\" type=\"email\" name=\"your-email-confirm\" \/><\/span>\n\t\t\t\t<\/p>\n\t\t\t<\/div>\n\t\t<\/div>\n\t\t<div class=\"col-lg-6 col-md-12\">\n\t\t\t<div class=\"contacts-icon contactss-website\">\n\t\t\t\t<p><span class=\"wpcf7-form-control-wrap\" data-name=\"phonetext-889\"><input size=\"40\" class=\"wpcf7-form-control wpcf7-phonetext wpcf7-validates-as-required wpcf7-text wpcf7-validates-as-phonetext\" data-numberonly=\"true\" aria-required=\"true\" aria-invalid=\"false\" placeholder=\"Puhelin *\" value=\"\" type=\"text\" name=\"phonetext-889\" \/><input type=\"hidden\" name=\"phonetext-889-country-code\" class=\"wpcf7-phonetext-country-code\" \/><\/span>\n\t\t\t\t<\/p>\n\t\t\t<\/div>\n\t\t<\/div>\n\t\t<div class=\"col-lg-6 col-md-12\">\n\t\t\t<div class=\"contacts-icon contactss-info\">\n\t\t\t\t<p><span class=\"wpcf7-form-control-wrap\" data-name=\"text-192\"><input size=\"40\" maxlength=\"400\" class=\"wpcf7-form-control wpcf7-text wpcf7-validates-as-required\" aria-required=\"true\" aria-invalid=\"false\" placeholder=\"DPD\/Omniva-pakettiautomaatin sijainti tai oma osoite? *\" value=\"\" type=\"text\" name=\"text-192\" \/><\/span>\n\t\t\t\t<\/p>\n\t\t\t<\/div>\n\t\t<\/div>\n\t\t<div class=\"col-lg-12\">\n\t\t\t<div class=\"contacts-icon contactss-message\">\n\t\t\t\t<p><span class=\"wpcf7-form-control-wrap\" data-name=\"your-message\"><textarea cols=\"40\" rows=\"10\" maxlength=\"2000\" class=\"wpcf7-form-control wpcf7-textarea\" aria-invalid=\"false\" placeholder=\"Muut tiedot\/kysymykset tai m\u00e4\u00e4r\u00e4n t\u00e4sment\u00e4minen.\" name=\"your-message\"><\/textarea><\/span>\n\t\t\t\t<\/p>\n\t\t\t<\/div>\n\t\t<\/div>\n\t\t<div class=\"col-lg-12\">\n\t\t\t<div class=\"contacts-form-button text-center\">\n\t\t\t\t<p><input class=\"wpcf7-form-control wpcf7-submit has-spinner\" type=\"submit\" value=\"L\u00e4het\u00e4 viesti\" \/>\n\t\t\t\t<\/p>\n\t\t\t<\/div>\n\t\t<\/div>\n\t<\/div>\n<\/div><div class=\"wpcf7-response-output\" aria-hidden=\"true\"><\/div>\n<\/form>\n<\/div>\n<\/div>\t\t\t\t<\/div>\n\t\t\t\t<\/div>\n\t\t\t\t\t<\/div>\n\t\t<\/div>\n\t\t\t\t\t<\/div>\n\t\t<\/section>\n\t\t\t\t<\/div>\n\t\t","protected":false},"excerpt":{"rendered":"<p>Yhteystiedot Etusivu KulliPilleri s\u00e4hk\u00f6posti info@kullipilleri.shop Vastaamme s\u00e4hk\u00f6posteihin Arkip\u00e4ivisin 10:00 &#8211; 17:00 Click to WhatsAppJoka p\u00e4iv\u00e4\u00e4 10:00-22:00 Click to TelegramJoka p\u00e4iv\u00e4\u00e4 10:00-22:00 Click to ViberJoka p\u00e4iv\u00e4\u00e4 10:00-22:00 Ota yhteytt\u00e4 Vastaamme s\u00e4hk\u00f6posteihin 1-2 ty\u00f6p\u00e4iv\u00e4n kuluessa<\/p>\n","protected":false},"author":65,"featured_media":0,"parent":0,"menu_order":0,"comment_status":"closed","ping_status":"closed","template":"","meta":{"_acf_changed":false,"footnotes":""},"class_list":["post-990","page","type-page","status-publish","hentry"],"acf":[],"yoast_head":"<!-- This site is optimized with the Yoast SEO Premium plugin v25.3.1 (Yoast SEO v27.5) - https:\/\/yoast.com\/product\/yoast-seo-premium-wordpress\/ -->\n<title>Yhteystiedot - Kullipilleri.com<\/title>\n<meta name=\"robots\" content=\"index, follow, max-snippet:-1, max-image-preview:large, max-video-preview:-1\" \/>\n<link rel=\"canonical\" href=\"https:\/\/kullipilleri.shop\/kontakt\/\" \/>\n<meta property=\"og:locale\" content=\"fi_FI\" \/>\n<meta property=\"og:type\" content=\"article\" \/>\n<meta property=\"og:title\" content=\"Yhteystiedot\" \/>\n<meta property=\"og:description\" content=\"Yhteystiedot Etusivu KulliPilleri s\u00e4hk\u00f6posti info@kullipilleri.shop Vastaamme s\u00e4hk\u00f6posteihin Arkip\u00e4ivisin 10:00 &#8211; 17:00 Click to WhatsAppJoka p\u00e4iv\u00e4\u00e4 10:00-22:00 Click to TelegramJoka p\u00e4iv\u00e4\u00e4 10:00-22:00 Click to ViberJoka p\u00e4iv\u00e4\u00e4 10:00-22:00 Ota yhteytt\u00e4 Vastaamme s\u00e4hk\u00f6posteihin 1-2 ty\u00f6p\u00e4iv\u00e4n kuluessa\" \/>\n<meta property=\"og:url\" content=\"https:\/\/kullipilleri.shop\/kontakt\/\" \/>\n<meta property=\"og:site_name\" content=\"Kullipilleri.com\" \/>\n<meta property=\"article:modified_time\" content=\"2025-01-21T19:28:01+00:00\" \/>\n<meta name=\"twitter:card\" content=\"summary_large_image\" \/>\n<meta name=\"twitter:label1\" content=\"Arvioitu lukuaika\" \/>\n\t<meta name=\"twitter:data1\" content=\"1 minuutti\" \/>\n<script type=\"application\/ld+json\" class=\"yoast-schema-graph\">{\"@context\":\"https:\\\/\\\/schema.org\",\"@graph\":[{\"@type\":\"WebPage\",\"@id\":\"https:\\\/\\\/kullipilleri.shop\\\/kontakt\\\/\",\"url\":\"https:\\\/\\\/kullipilleri.shop\\\/kontakt\\\/\",\"name\":\"Yhteystiedot - Kullipilleri.com\",\"isPartOf\":{\"@id\":\"https:\\\/\\\/kullipilleri.shop\\\/#website\"},\"datePublished\":\"2020-10-04T18:05:07+00:00\",\"dateModified\":\"2025-01-21T19:28:01+00:00\",\"breadcrumb\":{\"@id\":\"https:\\\/\\\/kullipilleri.shop\\\/kontakt\\\/#breadcrumb\"},\"inLanguage\":\"fi\",\"potentialAction\":[{\"@type\":\"ReadAction\",\"target\":[\"https:\\\/\\\/kullipilleri.shop\\\/kontakt\\\/\"]}]},{\"@type\":\"BreadcrumbList\",\"@id\":\"https:\\\/\\\/kullipilleri.shop\\\/kontakt\\\/#breadcrumb\",\"itemListElement\":[{\"@type\":\"ListItem\",\"position\":1,\"name\":\"Home\",\"item\":\"https:\\\/\\\/kullipilleri.shop\\\/fi\\\/\"},{\"@type\":\"ListItem\",\"position\":2,\"name\":\"Yhteystiedot\"}]},{\"@type\":\"WebSite\",\"@id\":\"https:\\\/\\\/kullipilleri.shop\\\/#website\",\"url\":\"https:\\\/\\\/kullipilleri.shop\\\/\",\"name\":\"Kullipilleri.com\",\"description\":\"Laadukkaat potenssipillerit erekti\u00f6h\u00e4iri\u00f6iden hoitoon\",\"publisher\":{\"@id\":\"https:\\\/\\\/kullipilleri.shop\\\/#organization\"},\"potentialAction\":[{\"@type\":\"SearchAction\",\"target\":{\"@type\":\"EntryPoint\",\"urlTemplate\":\"https:\\\/\\\/kullipilleri.shop\\\/?s={search_term_string}\"},\"query-input\":{\"@type\":\"PropertyValueSpecification\",\"valueRequired\":true,\"valueName\":\"search_term_string\"}}],\"inLanguage\":\"fi\"},{\"@type\":\"Organization\",\"@id\":\"https:\\\/\\\/kullipilleri.shop\\\/#organization\",\"name\":\"KulliPilleri\",\"url\":\"https:\\\/\\\/kullipilleri.shop\\\/\",\"logo\":{\"@type\":\"ImageObject\",\"inLanguage\":\"fi\",\"@id\":\"https:\\\/\\\/kullipilleri.shop\\\/#\\\/schema\\\/logo\\\/image\\\/\",\"url\":\"https:\\\/\\\/kullipilleri.shop\\\/wp-content\\\/uploads\\\/2023\\\/02\\\/ikoon.png\",\"contentUrl\":\"https:\\\/\\\/kullipilleri.shop\\\/wp-content\\\/uploads\\\/2023\\\/02\\\/ikoon.png\",\"width\":513,\"height\":513,\"caption\":\"KulliPilleri\"},\"image\":{\"@id\":\"https:\\\/\\\/kullipilleri.shop\\\/#\\\/schema\\\/logo\\\/image\\\/\"}}]}<\/script>\n<!-- \/ Yoast SEO Premium plugin. -->","yoast_head_json":{"title":"Yhteystiedot - Kullipilleri.com","robots":{"index":"index","follow":"follow","max-snippet":"max-snippet:-1","max-image-preview":"max-image-preview:large","max-video-preview":"max-video-preview:-1"},"canonical":"https:\/\/kullipilleri.shop\/kontakt\/","og_locale":"fi_FI","og_type":"article","og_title":"Yhteystiedot","og_description":"Yhteystiedot Etusivu KulliPilleri s\u00e4hk\u00f6posti info@kullipilleri.shop Vastaamme s\u00e4hk\u00f6posteihin Arkip\u00e4ivisin 10:00 &#8211; 17:00 Click to WhatsAppJoka p\u00e4iv\u00e4\u00e4 10:00-22:00 Click to TelegramJoka p\u00e4iv\u00e4\u00e4 10:00-22:00 Click to ViberJoka p\u00e4iv\u00e4\u00e4 10:00-22:00 Ota yhteytt\u00e4 Vastaamme s\u00e4hk\u00f6posteihin 1-2 ty\u00f6p\u00e4iv\u00e4n kuluessa","og_url":"https:\/\/kullipilleri.shop\/kontakt\/","og_site_name":"Kullipilleri.com","article_modified_time":"2025-01-21T19:28:01+00:00","twitter_card":"summary_large_image","twitter_misc":{"Arvioitu lukuaika":"1 minuutti"},"schema":{"@context":"https:\/\/schema.org","@graph":[{"@type":"WebPage","@id":"https:\/\/kullipilleri.shop\/kontakt\/","url":"https:\/\/kullipilleri.shop\/kontakt\/","name":"Yhteystiedot - Kullipilleri.com","isPartOf":{"@id":"https:\/\/kullipilleri.shop\/#website"},"datePublished":"2020-10-04T18:05:07+00:00","dateModified":"2025-01-21T19:28:01+00:00","breadcrumb":{"@id":"https:\/\/kullipilleri.shop\/kontakt\/#breadcrumb"},"inLanguage":"fi","potentialAction":[{"@type":"ReadAction","target":["https:\/\/kullipilleri.shop\/kontakt\/"]}]},{"@type":"BreadcrumbList","@id":"https:\/\/kullipilleri.shop\/kontakt\/#breadcrumb","itemListElement":[{"@type":"ListItem","position":1,"name":"Home","item":"https:\/\/kullipilleri.shop\/fi\/"},{"@type":"ListItem","position":2,"name":"Yhteystiedot"}]},{"@type":"WebSite","@id":"https:\/\/kullipilleri.shop\/#website","url":"https:\/\/kullipilleri.shop\/","name":"Kullipilleri.com","description":"Laadukkaat potenssipillerit erekti\u00f6h\u00e4iri\u00f6iden hoitoon","publisher":{"@id":"https:\/\/kullipilleri.shop\/#organization"},"potentialAction":[{"@type":"SearchAction","target":{"@type":"EntryPoint","urlTemplate":"https:\/\/kullipilleri.shop\/?s={search_term_string}"},"query-input":{"@type":"PropertyValueSpecification","valueRequired":true,"valueName":"search_term_string"}}],"inLanguage":"fi"},{"@type":"Organization","@id":"https:\/\/kullipilleri.shop\/#organization","name":"KulliPilleri","url":"https:\/\/kullipilleri.shop\/","logo":{"@type":"ImageObject","inLanguage":"fi","@id":"https:\/\/kullipilleri.shop\/#\/schema\/logo\/image\/","url":"https:\/\/kullipilleri.shop\/wp-content\/uploads\/2023\/02\/ikoon.png","contentUrl":"https:\/\/kullipilleri.shop\/wp-content\/uploads\/2023\/02\/ikoon.png","width":513,"height":513,"caption":"KulliPilleri"},"image":{"@id":"https:\/\/kullipilleri.shop\/#\/schema\/logo\/image\/"}}]}},"_links":{"self":[{"href":"https:\/\/kullipilleri.shop\/fi\/wp-json\/wp\/v2\/pages\/990","targetHints":{"allow":["GET"]}}],"collection":[{"href":"https:\/\/kullipilleri.shop\/fi\/wp-json\/wp\/v2\/pages"}],"about":[{"href":"https:\/\/kullipilleri.shop\/fi\/wp-json\/wp\/v2\/types\/page"}],"author":[{"embeddable":true,"href":"https:\/\/kullipilleri.shop\/fi\/wp-json\/wp\/v2\/users\/65"}],"replies":[{"embeddable":true,"href":"https:\/\/kullipilleri.shop\/fi\/wp-json\/wp\/v2\/comments?post=990"}],"version-history":[{"count":9,"href":"https:\/\/kullipilleri.shop\/fi\/wp-json\/wp\/v2\/pages\/990\/revisions"}],"predecessor-version":[{"id":4466,"href":"https:\/\/kullipilleri.shop\/fi\/wp-json\/wp\/v2\/pages\/990\/revisions\/4466"}],"wp:attachment":[{"href":"https:\/\/kullipilleri.shop\/fi\/wp-json\/wp\/v2\/media?parent=990"}],"curies":[{"name":"wp","href":"https:\/\/api.w.org\/{rel}","templated":true}]}}