{"id":2452,"date":"2023-05-26T20:01:54","date_gmt":"2023-05-26T20:01:54","guid":{"rendered":"https:\/\/kullipilleri.shop\/tilauksesi\/"},"modified":"2026-05-07T10:23:26","modified_gmt":"2026-05-07T10:23:26","slug":"tilauksesi","status":"publish","type":"page","link":"https:\/\/kullipilleri.shop\/fi\/tilauksesi\/","title":{"rendered":"Tilauksesi"},"content":{"rendered":"<div style=\"background-color: #1d1d4c; color: #fff; padding: 15px 20px; border-radius: 8px; line-height: 1.6; font-size: 16px; font-weight: 500;\">\n<ul>\n<li><span style=\"color: #ffffff;\">Yli <strong>100 \u20ac<\/strong> tilauksille <u>ilmainen toimitus Virossa<\/u>!<\/span><\/li>\n<\/ul>\n<h4 style=\"margin: 6px 0; color: #ffdddd;\"><span style=\"color: #ff4444; font-weight: bold;\">1\u20132 tuotteen tilauksissa v\u00e4himm\u00e4ism\u00e4\u00e4r\u00e4 on 2 kpl (per tuote).<br \/>\nKun tilaat 3 tai useampia eri tuotteita, v\u00e4himm\u00e4ism\u00e4\u00e4r\u00e4 on 1 kpl (per tuote).<br \/>\n<\/span><\/h4>\n<div style=\"margin-top: 18px; background: #000; border: 2px solid #FFD700; border-radius: 10px; padding: 14px; text-align: center;\">\n<div style=\"font-size: 22px; font-weight: 800; color: #ffd700; line-height: 1.5;\">MAKSU TULEE SIIRT\u00c4\u00c4 VAIN T\u00c4LLE TILILLE:<br \/>\nLT743250052580899414<\/div>\n<\/div>\n\n        <div id=\"nb-warning\" style=\"display:none; color:#ffffff; font-size:16px; font-weight:bold; margin-top:10px; line-height:1.6;\">\n            \n            HUOM! Pankkitilimme on: LT74 3250 0525 8089 9414<br>\n            \u00c4L\u00c4 KOSKAAN MAKSA MIHINK\u00c4\u00c4N MUUHUN TILIIN !!!<br>\n            Laskuihin liittyviss\u00e4 kysymyksiss\u00e4 soita +372 5616 1626\n        \n        <\/div>\n\n        <script>\n        (function () {\n            try {\n                var tz = Intl.DateTimeFormat().resolvedOptions().timeZone || \"\";\n                var lang = navigator.language || \"\";\n\n                \/\/ Kui EI OLE Eesti \u2192 n\u00e4ita teadet\n                var isEstonia = (tz === \"Europe\/Tallinn\") || lang.toLowerCase().startsWith(\"et\");\n\n                if (!isEstonia) {\n                    var el = document.getElementById(\"nb-warning\");\n                    if (el) el.style.display = \"block\";\n                }\n            } catch (e) {\n                \/\/ kui JS error \u2192 n\u00e4ita teadet (turvaline)\n                var el = document.getElementById(\"nb-warning\");\n                if (el) el.style.display = \"block\";\n            }\n        })();\n        <\/script>\n    \n<\/div>\n<div id=\"soovikorv\"><\/div>\n\n<div class=\"wpcf7 no-js\" id=\"wpcf7-f1619-o1\" lang=\"en-US\" dir=\"ltr\" data-wpcf7-id=\"1619\">\n<div class=\"screen-reader-response\"><p role=\"status\" aria-live=\"polite\" aria-atomic=\"true\"><\/p> <ul><\/ul><\/div>\n<form action=\"\/fi\/wp-json\/wp\/v2\/pages\/2452#wpcf7-f1619-o1\" method=\"post\" class=\"wpcf7-form init\" aria-label=\"Contact form\" novalidate=\"novalidate\" data-status=\"init\">\n<fieldset class=\"hidden-fields-container\"><input type=\"hidden\" name=\"_wpcf7\" value=\"1619\" \/><input type=\"hidden\" name=\"_wpcf7_version\" value=\"6.1.5\" \/><input type=\"hidden\" name=\"_wpcf7_locale\" value=\"en_US\" \/><input type=\"hidden\" name=\"_wpcf7_unit_tag\" value=\"wpcf7-f1619-o1\" \/><input type=\"hidden\" name=\"_wpcf7_container_post\" value=\"0\" \/><input type=\"hidden\" name=\"_wpcf7_posted_data_hash\" value=\"\" \/><input type=\"hidden\" name=\"nlang\" value=\"fi\" \/>\n<\/fieldset>\n<div class=\"contacts-form \">\n\t<div class=\"row\">\n\t<input class=\"wpcf7-form-control wpcf7-hidden\" id=\"tooted-field\" value=\"\" type=\"hidden\" name=\"tooted\" \/>\n\t<input class=\"wpcf7-form-control wpcf7-hidden\" id=\"tooted-meta\" value=\"\" type=\"hidden\" name=\"tooted_meta\" \/>\n\t<input class=\"wpcf7-form-control wpcf7-hidden\" value=\"yes\" type=\"hidden\" name=\"newsletter\" \/>\n\t\t<div class=\"col-lg-6 col-md-12\">\n\t\t\t<div class=\"contacts-icon contactss-name\">\n\t\t\t\t<p><span class=\"wpcf7-form-control-wrap\" data-name=\"your-name\"><input size=\"40\" maxlength=\"400\" class=\"wpcf7-form-control wpcf7-text wpcf7-validates-as-required\" aria-required=\"true\" aria-invalid=\"false\" placeholder=\"Nimi *\" value=\"\" type=\"text\" name=\"your-name\" \/><\/span>\n\t\t\t\t<\/p>\n\t\t\t<\/div>\n\t\t<\/div>\n\t\t<div class=\"col-lg-6 col-md-12\">\n\t\t\t<div class=\"contacts-icon contactss-email\">\n\t\t\t\t<p><span class=\"wpcf7-form-control-wrap\" data-name=\"your-email\"><input size=\"40\" maxlength=\"400\" class=\"wpcf7-form-control wpcf7-email wpcf7-validates-as-required wpcf7-text wpcf7-validates-as-email\" aria-required=\"true\" aria-invalid=\"false\" placeholder=\"S\u00e4hk\u00f6posti *\" value=\"\" type=\"email\" name=\"your-email\" \/><\/span>\n\t\t\t\t<\/p>\n\t\t\t<\/div>\n\t\t<\/div>\n\t\t<div class=\"col-lg-12 col-md-12\">\n\t\t\t<div class=\"contacts-icon contactss-email\">\n\t\t\t\t<p><span class=\"wpcf7-form-control-wrap\" data-name=\"your-email-confirm\"><input size=\"40\" maxlength=\"400\" class=\"wpcf7-form-control wpcf7-email wpcf7-validates-as-required wpcf7-text wpcf7-validates-as-email\" aria-required=\"true\" aria-invalid=\"false\" placeholder=\"Vahvista s\u00e4hk\u00f6postiosoitteesi *\" value=\"\" type=\"email\" name=\"your-email-confirm\" \/><\/span>\n\t\t\t\t<\/p>\n\t\t\t<\/div>\n\t\t<\/div>\n\t\t<div class=\"col-lg-6 col-md-12\">\n\t\t\t<div class=\"contacts-icon contactss-website\">\n\t\t\t\t<p><span class=\"wpcf7-form-control-wrap\" data-name=\"phonetext-889\"><input size=\"40\" class=\"wpcf7-form-control wpcf7-phonetext wpcf7-validates-as-required wpcf7-text wpcf7-validates-as-phonetext\" data-numberonly=\"true\" aria-required=\"true\" aria-invalid=\"false\" placeholder=\"Puhelin *\" value=\"\" type=\"text\" name=\"phonetext-889\" \/><input type=\"hidden\" name=\"phonetext-889-country-code\" class=\"wpcf7-phonetext-country-code\" \/><\/span>\n\t\t\t\t<\/p>\n\t\t\t<\/div>\n\t\t<\/div>\n\t\t<div class=\"col-lg-6 col-md-12\">\n\t\t\t<div class=\"contacts-icon contactss-info\">\n\t\t\t\t<p><span class=\"wpcf7-form-control-wrap\" data-name=\"text-192\"><input size=\"40\" maxlength=\"400\" class=\"wpcf7-form-control wpcf7-text wpcf7-validates-as-required\" aria-required=\"true\" aria-invalid=\"false\" placeholder=\"DPD\/Omniva-pakettiautomaatin sijainti tai oma osoite? *\" value=\"\" type=\"text\" name=\"text-192\" \/><\/span>\n\t\t\t\t<\/p>\n\t\t\t<\/div>\n\t\t<\/div>\n\t\t<div class=\"col-lg-12\">\n\t\t\t<div class=\"contacts-icon contactss-message\">\n\t\t\t\t<p><span class=\"wpcf7-form-control-wrap\" data-name=\"your-message\"><textarea cols=\"40\" rows=\"10\" maxlength=\"2000\" class=\"wpcf7-form-control wpcf7-textarea\" aria-invalid=\"false\" placeholder=\"Muut tiedot\/kysymykset tai m\u00e4\u00e4r\u00e4n t\u00e4sment\u00e4minen.\" name=\"your-message\"><\/textarea><\/span>\n\t\t\t\t<\/p>\n\t\t\t<\/div>\n\t\t<\/div>\n\t\t<div class=\"col-lg-12\">\n\t\t\t<div class=\"contacts-form-button text-center\">\n\t\t\t\t<p><input class=\"wpcf7-form-control wpcf7-submit has-spinner\" type=\"submit\" value=\"L\u00e4het\u00e4 viesti\" \/>\n\t\t\t\t<\/p>\n\t\t\t<\/div>\n\t\t<\/div>\n\t<\/div>\n<\/div><div class=\"wpcf7-response-output\" aria-hidden=\"true\"><\/div>\n<\/form>\n<\/div>\n\n<p>Voit my\u00f6s maksaa haluamallasi kryptovaluutalla.<br \/>\n<img fetchpriority=\"high\" decoding=\"async\" class=\"alignnone size-medium wp-image-3898\" src=\"https:\/\/kullipilleri.shop\/wp-content\/uploads\/2024\/11\/cc383ee3-0d12-4c44-bd68-8a4cad79e92c-300x238.jpg\" alt=\"\" width=\"300\" height=\"238\" srcset=\"https:\/\/kullipilleri.shop\/wp-content\/uploads\/2024\/11\/cc383ee3-0d12-4c44-bd68-8a4cad79e92c-300x238.jpg 300w, https:\/\/kullipilleri.shop\/wp-content\/uploads\/2024\/11\/cc383ee3-0d12-4c44-bd68-8a4cad79e92c-768x608.jpg 768w, https:\/\/kullipilleri.shop\/wp-content\/uploads\/2024\/11\/cc383ee3-0d12-4c44-bd68-8a4cad79e92c-600x475.jpg 600w, https:\/\/kullipilleri.shop\/wp-content\/uploads\/2024\/11\/cc383ee3-0d12-4c44-bd68-8a4cad79e92c-68x54.jpg 68w, https:\/\/kullipilleri.shop\/wp-content\/uploads\/2024\/11\/cc383ee3-0d12-4c44-bd68-8a4cad79e92c.jpg 780w\" sizes=\"(max-width: 300px) 100vw, 300px\" \/><\/p>\n","protected":false},"excerpt":{"rendered":"<p>Yli 100 \u20ac tilauksille ilmainen toimitus Virossa! 1\u20132 tuotteen tilauksissa v\u00e4himm\u00e4ism\u00e4\u00e4r\u00e4 on 2 kpl (per tuote). Kun tilaat 3 tai useampia eri tuotteita, v\u00e4himm\u00e4ism\u00e4\u00e4r\u00e4 on 1 kpl (per tuote). MAKSU TULEE SIIRT\u00c4\u00c4 VAIN T\u00c4LLE TILILLE: LT743250052580899414 Voit my\u00f6s maksaa haluamallasi kryptovaluutalla.<\/p>\n","protected":false},"author":65,"featured_media":0,"parent":0,"menu_order":0,"comment_status":"closed","ping_status":"closed","template":"","meta":{"_acf_changed":false,"footnotes":""},"class_list":["post-2452","page","type-page","status-publish","hentry"],"acf":[],"yoast_head":"<!-- This site is optimized with the Yoast SEO Premium plugin v25.3.1 (Yoast SEO v27.5) - https:\/\/yoast.com\/product\/yoast-seo-premium-wordpress\/ -->\n<title>Tilauksesi - Kullipilleri.com<\/title>\n<meta name=\"robots\" content=\"noindex, follow\" \/>\n<meta property=\"og:locale\" content=\"fi_FI\" \/>\n<meta property=\"og:type\" content=\"article\" \/>\n<meta property=\"og:title\" content=\"Tilauksesi\" \/>\n<meta property=\"og:description\" content=\"Yli 100 \u20ac tilauksille ilmainen toimitus Virossa! 1\u20132 tuotteen tilauksissa v\u00e4himm\u00e4ism\u00e4\u00e4r\u00e4 on 2 kpl (per tuote). Kun tilaat 3 tai useampia eri tuotteita, v\u00e4himm\u00e4ism\u00e4\u00e4r\u00e4 on 1 kpl (per tuote). MAKSU TULEE SIIRT\u00c4\u00c4 VAIN T\u00c4LLE TILILLE: LT743250052580899414 Voit my\u00f6s maksaa haluamallasi kryptovaluutalla.\" \/>\n<meta property=\"og:url\" content=\"https:\/\/kullipilleri.shop\/fi\/tilauksesi\/\" \/>\n<meta property=\"og:site_name\" content=\"Kullipilleri.com\" \/>\n<meta property=\"article:modified_time\" content=\"2026-05-07T10:23:26+00:00\" \/>\n<meta property=\"og:image\" content=\"https:\/\/kullipilleri.shop\/wp-content\/uploads\/2024\/11\/cc383ee3-0d12-4c44-bd68-8a4cad79e92c.jpg\" \/>\n\t<meta property=\"og:image:width\" content=\"780\" \/>\n\t<meta property=\"og:image:height\" content=\"618\" \/>\n\t<meta property=\"og:image:type\" content=\"image\/jpeg\" \/>\n<meta name=\"twitter:card\" content=\"summary_large_image\" \/>\n<meta name=\"twitter:label1\" content=\"Arvioitu lukuaika\" \/>\n\t<meta name=\"twitter:data1\" content=\"1 minuutti\" \/>\n<script type=\"application\/ld+json\" class=\"yoast-schema-graph\">{\"@context\":\"https:\\\/\\\/schema.org\",\"@graph\":[{\"@type\":\"WebPage\",\"@id\":\"https:\\\/\\\/kullipilleri.shop\\\/fi\\\/tilauksesi\\\/\",\"url\":\"https:\\\/\\\/kullipilleri.shop\\\/fi\\\/tilauksesi\\\/\",\"name\":\"Tilauksesi - Kullipilleri.com\",\"isPartOf\":{\"@id\":\"https:\\\/\\\/kullipilleri.shop\\\/#website\"},\"primaryImageOfPage\":{\"@id\":\"https:\\\/\\\/kullipilleri.shop\\\/fi\\\/tilauksesi\\\/#primaryimage\"},\"image\":{\"@id\":\"https:\\\/\\\/kullipilleri.shop\\\/fi\\\/tilauksesi\\\/#primaryimage\"},\"thumbnailUrl\":\"https:\\\/\\\/kullipilleri.shop\\\/wp-content\\\/uploads\\\/2024\\\/11\\\/cc383ee3-0d12-4c44-bd68-8a4cad79e92c-300x238.jpg\",\"datePublished\":\"2023-05-26T20:01:54+00:00\",\"dateModified\":\"2026-05-07T10:23:26+00:00\",\"breadcrumb\":{\"@id\":\"https:\\\/\\\/kullipilleri.shop\\\/fi\\\/tilauksesi\\\/#breadcrumb\"},\"inLanguage\":\"fi\",\"potentialAction\":[{\"@type\":\"ReadAction\",\"target\":[\"https:\\\/\\\/kullipilleri.shop\\\/fi\\\/tilauksesi\\\/\"]}]},{\"@type\":\"ImageObject\",\"inLanguage\":\"fi\",\"@id\":\"https:\\\/\\\/kullipilleri.shop\\\/fi\\\/tilauksesi\\\/#primaryimage\",\"url\":\"https:\\\/\\\/kullipilleri.shop\\\/wp-content\\\/uploads\\\/2024\\\/11\\\/cc383ee3-0d12-4c44-bd68-8a4cad79e92c-300x238.jpg\",\"contentUrl\":\"https:\\\/\\\/kullipilleri.shop\\\/wp-content\\\/uploads\\\/2024\\\/11\\\/cc383ee3-0d12-4c44-bd68-8a4cad79e92c-300x238.jpg\"},{\"@type\":\"BreadcrumbList\",\"@id\":\"https:\\\/\\\/kullipilleri.shop\\\/fi\\\/tilauksesi\\\/#breadcrumb\",\"itemListElement\":[{\"@type\":\"ListItem\",\"position\":1,\"name\":\"Home\",\"item\":\"https:\\\/\\\/kullipilleri.shop\\\/fi\\\/\"},{\"@type\":\"ListItem\",\"position\":2,\"name\":\"Tilauksesi\"}]},{\"@type\":\"WebSite\",\"@id\":\"https:\\\/\\\/kullipilleri.shop\\\/#website\",\"url\":\"https:\\\/\\\/kullipilleri.shop\\\/\",\"name\":\"Kullipilleri.com\",\"description\":\"Laadukkaat potenssipillerit erekti\u00f6h\u00e4iri\u00f6iden hoitoon\",\"publisher\":{\"@id\":\"https:\\\/\\\/kullipilleri.shop\\\/#organization\"},\"potentialAction\":[{\"@type\":\"SearchAction\",\"target\":{\"@type\":\"EntryPoint\",\"urlTemplate\":\"https:\\\/\\\/kullipilleri.shop\\\/?s={search_term_string}\"},\"query-input\":{\"@type\":\"PropertyValueSpecification\",\"valueRequired\":true,\"valueName\":\"search_term_string\"}}],\"inLanguage\":\"fi\"},{\"@type\":\"Organization\",\"@id\":\"https:\\\/\\\/kullipilleri.shop\\\/#organization\",\"name\":\"KulliPilleri\",\"url\":\"https:\\\/\\\/kullipilleri.shop\\\/\",\"logo\":{\"@type\":\"ImageObject\",\"inLanguage\":\"fi\",\"@id\":\"https:\\\/\\\/kullipilleri.shop\\\/#\\\/schema\\\/logo\\\/image\\\/\",\"url\":\"https:\\\/\\\/kullipilleri.shop\\\/wp-content\\\/uploads\\\/2023\\\/02\\\/ikoon.png\",\"contentUrl\":\"https:\\\/\\\/kullipilleri.shop\\\/wp-content\\\/uploads\\\/2023\\\/02\\\/ikoon.png\",\"width\":513,\"height\":513,\"caption\":\"KulliPilleri\"},\"image\":{\"@id\":\"https:\\\/\\\/kullipilleri.shop\\\/#\\\/schema\\\/logo\\\/image\\\/\"}}]}<\/script>\n<!-- \/ Yoast SEO Premium plugin. -->","yoast_head_json":{"title":"Tilauksesi - Kullipilleri.com","robots":{"index":"noindex","follow":"follow"},"og_locale":"fi_FI","og_type":"article","og_title":"Tilauksesi","og_description":"Yli 100 \u20ac tilauksille ilmainen toimitus Virossa! 1\u20132 tuotteen tilauksissa v\u00e4himm\u00e4ism\u00e4\u00e4r\u00e4 on 2 kpl (per tuote). Kun tilaat 3 tai useampia eri tuotteita, v\u00e4himm\u00e4ism\u00e4\u00e4r\u00e4 on 1 kpl (per tuote). MAKSU TULEE SIIRT\u00c4\u00c4 VAIN T\u00c4LLE TILILLE: LT743250052580899414 Voit my\u00f6s maksaa haluamallasi kryptovaluutalla.","og_url":"https:\/\/kullipilleri.shop\/fi\/tilauksesi\/","og_site_name":"Kullipilleri.com","article_modified_time":"2026-05-07T10:23:26+00:00","og_image":[{"width":780,"height":618,"url":"https:\/\/kullipilleri.shop\/wp-content\/uploads\/2024\/11\/cc383ee3-0d12-4c44-bd68-8a4cad79e92c.jpg","type":"image\/jpeg"}],"twitter_card":"summary_large_image","twitter_misc":{"Arvioitu lukuaika":"1 minuutti"},"schema":{"@context":"https:\/\/schema.org","@graph":[{"@type":"WebPage","@id":"https:\/\/kullipilleri.shop\/fi\/tilauksesi\/","url":"https:\/\/kullipilleri.shop\/fi\/tilauksesi\/","name":"Tilauksesi - Kullipilleri.com","isPartOf":{"@id":"https:\/\/kullipilleri.shop\/#website"},"primaryImageOfPage":{"@id":"https:\/\/kullipilleri.shop\/fi\/tilauksesi\/#primaryimage"},"image":{"@id":"https:\/\/kullipilleri.shop\/fi\/tilauksesi\/#primaryimage"},"thumbnailUrl":"https:\/\/kullipilleri.shop\/wp-content\/uploads\/2024\/11\/cc383ee3-0d12-4c44-bd68-8a4cad79e92c-300x238.jpg","datePublished":"2023-05-26T20:01:54+00:00","dateModified":"2026-05-07T10:23:26+00:00","breadcrumb":{"@id":"https:\/\/kullipilleri.shop\/fi\/tilauksesi\/#breadcrumb"},"inLanguage":"fi","potentialAction":[{"@type":"ReadAction","target":["https:\/\/kullipilleri.shop\/fi\/tilauksesi\/"]}]},{"@type":"ImageObject","inLanguage":"fi","@id":"https:\/\/kullipilleri.shop\/fi\/tilauksesi\/#primaryimage","url":"https:\/\/kullipilleri.shop\/wp-content\/uploads\/2024\/11\/cc383ee3-0d12-4c44-bd68-8a4cad79e92c-300x238.jpg","contentUrl":"https:\/\/kullipilleri.shop\/wp-content\/uploads\/2024\/11\/cc383ee3-0d12-4c44-bd68-8a4cad79e92c-300x238.jpg"},{"@type":"BreadcrumbList","@id":"https:\/\/kullipilleri.shop\/fi\/tilauksesi\/#breadcrumb","itemListElement":[{"@type":"ListItem","position":1,"name":"Home","item":"https:\/\/kullipilleri.shop\/fi\/"},{"@type":"ListItem","position":2,"name":"Tilauksesi"}]},{"@type":"WebSite","@id":"https:\/\/kullipilleri.shop\/#website","url":"https:\/\/kullipilleri.shop\/","name":"Kullipilleri.com","description":"Laadukkaat potenssipillerit erekti\u00f6h\u00e4iri\u00f6iden hoitoon","publisher":{"@id":"https:\/\/kullipilleri.shop\/#organization"},"potentialAction":[{"@type":"SearchAction","target":{"@type":"EntryPoint","urlTemplate":"https:\/\/kullipilleri.shop\/?s={search_term_string}"},"query-input":{"@type":"PropertyValueSpecification","valueRequired":true,"valueName":"search_term_string"}}],"inLanguage":"fi"},{"@type":"Organization","@id":"https:\/\/kullipilleri.shop\/#organization","name":"KulliPilleri","url":"https:\/\/kullipilleri.shop\/","logo":{"@type":"ImageObject","inLanguage":"fi","@id":"https:\/\/kullipilleri.shop\/#\/schema\/logo\/image\/","url":"https:\/\/kullipilleri.shop\/wp-content\/uploads\/2023\/02\/ikoon.png","contentUrl":"https:\/\/kullipilleri.shop\/wp-content\/uploads\/2023\/02\/ikoon.png","width":513,"height":513,"caption":"KulliPilleri"},"image":{"@id":"https:\/\/kullipilleri.shop\/#\/schema\/logo\/image\/"}}]}},"_links":{"self":[{"href":"https:\/\/kullipilleri.shop\/fi\/wp-json\/wp\/v2\/pages\/2452","targetHints":{"allow":["GET"]}}],"collection":[{"href":"https:\/\/kullipilleri.shop\/fi\/wp-json\/wp\/v2\/pages"}],"about":[{"href":"https:\/\/kullipilleri.shop\/fi\/wp-json\/wp\/v2\/types\/page"}],"author":[{"embeddable":true,"href":"https:\/\/kullipilleri.shop\/fi\/wp-json\/wp\/v2\/users\/65"}],"replies":[{"embeddable":true,"href":"https:\/\/kullipilleri.shop\/fi\/wp-json\/wp\/v2\/comments?post=2452"}],"version-history":[{"count":9,"href":"https:\/\/kullipilleri.shop\/fi\/wp-json\/wp\/v2\/pages\/2452\/revisions"}],"predecessor-version":[{"id":7292,"href":"https:\/\/kullipilleri.shop\/fi\/wp-json\/wp\/v2\/pages\/2452\/revisions\/7292"}],"wp:attachment":[{"href":"https:\/\/kullipilleri.shop\/fi\/wp-json\/wp\/v2\/media?parent=2452"}],"curies":[{"name":"wp","href":"https:\/\/api.w.org\/{rel}","templated":true}]}}