{"id":1025,"date":"2020-10-09T05:25:40","date_gmt":"2020-10-09T05:25:40","guid":{"rendered":"https:\/\/pilleri.chelly.ee\/ukk\/"},"modified":"2023-06-06T11:07:00","modified_gmt":"2023-06-06T11:07:00","slug":"ukk","status":"publish","type":"page","link":"https:\/\/kullipilleri.shop\/fi\/ukk\/","title":{"rendered":"UKK"},"content":{"rendered":"\t\t<div data-elementor-type=\"wp-page\" data-elementor-id=\"1025\" class=\"elementor elementor-1025 elementor-443\" data-elementor-post-type=\"page\">\n\t\t\t\t\t\t<section class=\"elementor-section elementor-top-section elementor-element elementor-element-b9a87ff elementor-section-full_width elementor-section-height-default elementor-section-height-default\" data-id=\"b9a87ff\" data-element_type=\"section\" data-e-type=\"section\">\n\t\t\t\t\t\t<div class=\"elementor-container elementor-column-gap-no\">\n\t\t\t\t\t<div class=\"elementor-column elementor-col-100 elementor-top-column elementor-element elementor-element-4109653\" data-id=\"4109653\" data-element_type=\"column\" data-e-type=\"column\">\n\t\t\t<div class=\"elementor-widget-wrap elementor-element-populated\">\n\t\t\t\t\t\t<div class=\"elementor-element elementor-element-dbe4344 elementor-widget elementor-widget-medibazar-breadcrumb\" data-id=\"dbe4344\" data-element_type=\"widget\" data-e-type=\"widget\" data-widget_type=\"medibazar-breadcrumb.default\">\n\t\t\t\t<div class=\"elementor-widget-container\">\n\t\t\t\t\t<div class=\"breadcrumb-area pt-125 pb-125\" style=\"background-image:url(https:\/\/kullipilleri.shop\/wp-content\/uploads\/2023\/02\/backgorund.jpg)\"><div class=\"container\"><div class=\"klb-breadcrumb-wrapper\"><div class=\"row\"><div class=\"col-xl-12\"><div class=\"breadcrumb-text\"><h1>KKK<\/h1><\/div><\/div><ul class=\"breadcrumb-menu\"><li><a  href=\"https:\/\/kullipilleri.shop\/fi\/\" title=\"Etusivu\" rel=\"bookmark\">Etusivu<\/a> <\/li>  <\/ul><\/div><\/div><\/div><\/div>\t\t\t\t<\/div>\n\t\t\t\t<\/div>\n\t\t\t\t\t<\/div>\n\t\t<\/div>\n\t\t\t\t\t<\/div>\n\t\t<\/section>\n\t\t\t\t<section class=\"elementor-section elementor-top-section elementor-element elementor-element-4d35e3e elementor-section-boxed elementor-section-height-default elementor-section-height-default\" data-id=\"4d35e3e\" data-element_type=\"section\" data-e-type=\"section\">\n\t\t\t\t\t\t<div class=\"elementor-container elementor-column-gap-extended\">\n\t\t\t\t\t<div class=\"elementor-column elementor-col-100 elementor-top-column elementor-element elementor-element-8e8b130\" data-id=\"8e8b130\" data-element_type=\"column\" data-e-type=\"column\">\n\t\t\t<div class=\"elementor-widget-wrap elementor-element-populated\">\n\t\t\t\t\t\t<div class=\"elementor-element elementor-element-786b0e7 elementor-widget elementor-widget-toggle\" data-id=\"786b0e7\" data-element_type=\"widget\" data-e-type=\"widget\" data-widget_type=\"toggle.default\">\n\t\t\t\t<div class=\"elementor-widget-container\">\n\t\t\t\t\t\t\t<div class=\"elementor-toggle\">\n\t\t\t\t\t\t\t<div class=\"elementor-toggle-item\">\n\t\t\t\t\t<div id=\"elementor-tab-title-1261\" class=\"elementor-tab-title\" data-tab=\"1\" role=\"button\" aria-controls=\"elementor-tab-content-1261\" aria-expanded=\"false\">\n\t\t\t\t\t\t\t\t\t\t\t\t<span class=\"elementor-toggle-icon elementor-toggle-icon-right\" aria-hidden=\"true\">\n\t\t\t\t\t\t\t\t\t\t\t\t\t\t\t<span class=\"elementor-toggle-icon-closed\"><i class=\"fas fa-caret-right\"><\/i><\/span>\n\t\t\t\t\t\t\t\t<span class=\"elementor-toggle-icon-opened\"><i class=\"elementor-toggle-icon-opened fas fa-caret-up\"><\/i><\/span>\n\t\t\t\t\t\t\t\t\t\t\t\t\t<\/span>\n\t\t\t\t\t\t\t\t\t\t\t\t<a class=\"elementor-toggle-title\" tabindex=\"0\">KEIT\u00c4 ME OLEMME ?<\/a>\n\t\t\t\t\t<\/div>\n\n\t\t\t\t\t<div id=\"elementor-tab-content-1261\" class=\"elementor-tab-content elementor-clearfix\" data-tab=\"1\" role=\"region\" aria-labelledby=\"elementor-tab-title-1261\"><p>Olemme johtava informatiivinen verkkosivusto ja verkkopalvelu yksinomaan l\u00e4\u00e4kkeiden kuluttajille. Kamagran, Tadaliksen, Valifin jne. kaltaiset l\u00e4\u00e4kevalmisteet ovat helppok\u00e4ytt\u00f6isimpi\u00e4 ja myydyimpi\u00e4 XX-tuotteita, joita myyd\u00e4\u00e4n kaikkialla Euroopassa ja Yhdysvalloissa. Kaikki luetellut tuotteet ovat 100 % alkuper\u00e4isi\u00e4 ja tulevat suoraan intialaisilta l\u00e4\u00e4kevalmistajilta.<\/p>\n<p>L\u00e4\u00e4kkeemme sis\u00e4lt\u00e4v\u00e4t samoja tehokkaita ainesosia kuin kilpailijoidemme tuotteet, mutta niit\u00e4 myyd\u00e4\u00e4n paljon halvemmalla kuin kilpailijoitamme. Koska kilpailevien l\u00e4\u00e4kkeiden patentit ovat vapaat, valmistetaan samankaltaisia l\u00e4\u00e4kkeit\u00e4, jotka ovat kohtuuhintaisia suurelle yleis\u00f6lle.<\/p>\n<\/div>\n\t\t\t\t<\/div>\n\t\t\t\t\t\t\t<div class=\"elementor-toggle-item\">\n\t\t\t\t\t<div id=\"elementor-tab-title-1262\" class=\"elementor-tab-title\" data-tab=\"2\" role=\"button\" aria-controls=\"elementor-tab-content-1262\" aria-expanded=\"false\">\n\t\t\t\t\t\t\t\t\t\t\t\t<span class=\"elementor-toggle-icon elementor-toggle-icon-right\" aria-hidden=\"true\">\n\t\t\t\t\t\t\t\t\t\t\t\t\t\t\t<span class=\"elementor-toggle-icon-closed\"><i class=\"fas fa-caret-right\"><\/i><\/span>\n\t\t\t\t\t\t\t\t<span class=\"elementor-toggle-icon-opened\"><i class=\"elementor-toggle-icon-opened fas fa-caret-up\"><\/i><\/span>\n\t\t\t\t\t\t\t\t\t\t\t\t\t<\/span>\n\t\t\t\t\t\t\t\t\t\t\t\t<a class=\"elementor-toggle-title\" tabindex=\"0\">KUINKA KAUAN TOIMITUS KEST\u00c4\u00c4?<\/a>\n\t\t\t\t\t<\/div>\n\n\t\t\t\t\t<div id=\"elementor-tab-content-1262\" class=\"elementor-tab-content elementor-clearfix\" data-tab=\"2\" role=\"region\" aria-labelledby=\"elementor-tab-title-1262\"><p>Muihin EU-maihin tilauksesi pit\u00e4isi saapua 2-7 ty\u00f6p\u00e4iv\u00e4n kuluessa maksun saapumisp\u00e4iv\u00e4st\u00e4. Tilauksesi l\u00e4hetet\u00e4\u00e4n huomaamattomasti pakattuina turvalaatikoihin tai pieniin pahvilaatikoihin, jotka suojaavat niit\u00e4 vaurioilta. Tilaukset, jotka on maksettu ennakkoon tilillemme, l\u00e4hetet\u00e4\u00e4n, kun rahat on hyvitetty tilillemme. Pankkisiirrot kest\u00e4v\u00e4t yleens\u00e4 1-2 ty\u00f6p\u00e4iv\u00e4\u00e4.<\/p>\n<\/div>\n\t\t\t\t<\/div>\n\t\t\t\t\t\t\t<div class=\"elementor-toggle-item\">\n\t\t\t\t\t<div id=\"elementor-tab-title-1263\" class=\"elementor-tab-title\" data-tab=\"3\" role=\"button\" aria-controls=\"elementor-tab-content-1263\" aria-expanded=\"false\">\n\t\t\t\t\t\t\t\t\t\t\t\t<span class=\"elementor-toggle-icon elementor-toggle-icon-right\" aria-hidden=\"true\">\n\t\t\t\t\t\t\t\t\t\t\t\t\t\t\t<span class=\"elementor-toggle-icon-closed\"><i class=\"fas fa-caret-right\"><\/i><\/span>\n\t\t\t\t\t\t\t\t<span class=\"elementor-toggle-icon-opened\"><i class=\"elementor-toggle-icon-opened fas fa-caret-up\"><\/i><\/span>\n\t\t\t\t\t\t\t\t\t\t\t\t\t<\/span>\n\t\t\t\t\t\t\t\t\t\t\t\t<a class=\"elementor-toggle-title\" tabindex=\"0\">MITEN MAKSAT TILAUKSESI ?<\/a>\n\t\t\t\t\t<\/div>\n\n\t\t\t\t\t<div id=\"elementor-tab-content-1263\" class=\"elementor-tab-content elementor-clearfix\" data-tab=\"3\" role=\"region\" aria-labelledby=\"elementor-tab-title-1263\"><p>Tilauksen maksu suoritetaan pankkisiirrolla pankkitilillemme. Maksutiedot n\u00e4kyv\u00e4t tilauksen p\u00e4\u00e4tytty\u00e4, ja ne l\u00e4hetet\u00e4\u00e4n sinulle my\u00f6s s\u00e4hk\u00f6postitse vahvistuksena tilauksestasi. <\/p>\n<p><strong>Tilaus l\u00e4hetet\u00e4\u00e4n, kun maksu on saapunut pankkitilillemme. K\u00e4yt\u00e4 maksamiseen vain tilausnumeroa.<\/strong><\/p>\n<\/div>\n\t\t\t\t<\/div>\n\t\t\t\t\t\t\t<div class=\"elementor-toggle-item\">\n\t\t\t\t\t<div id=\"elementor-tab-title-1264\" class=\"elementor-tab-title\" data-tab=\"4\" role=\"button\" aria-controls=\"elementor-tab-content-1264\" aria-expanded=\"false\">\n\t\t\t\t\t\t\t\t\t\t\t\t<span class=\"elementor-toggle-icon elementor-toggle-icon-right\" aria-hidden=\"true\">\n\t\t\t\t\t\t\t\t\t\t\t\t\t\t\t<span class=\"elementor-toggle-icon-closed\"><i class=\"fas fa-caret-right\"><\/i><\/span>\n\t\t\t\t\t\t\t\t<span class=\"elementor-toggle-icon-opened\"><i class=\"elementor-toggle-icon-opened fas fa-caret-up\"><\/i><\/span>\n\t\t\t\t\t\t\t\t\t\t\t\t\t<\/span>\n\t\t\t\t\t\t\t\t\t\t\t\t<a class=\"elementor-toggle-title\" tabindex=\"0\">KUINKA PALJON SIT\u00c4 VOIDAAN K\u00c4YTT\u00c4\u00c4 P\u00c4IV\u00c4SS\u00c4?<\/a>\n\t\t\t\t\t<\/div>\n\n\t\t\t\t\t<div id=\"elementor-tab-content-1264\" class=\"elementor-tab-content elementor-clearfix\" data-tab=\"4\" role=\"region\" aria-labelledby=\"elementor-tab-title-1264\"><p>Suositeltu vuorokausiannos on 1 tabletti tai geeli p\u00e4iv\u00e4ss\u00e4. \u00c4l\u00e4 ylit\u00e4 t\u00e4t\u00e4 annosta. <\/p>\n<\/div>\n\t\t\t\t<\/div>\n\t\t\t\t\t\t\t\t<\/div>\n\t\t\t\t\t\t<\/div>\n\t\t\t\t<\/div>\n\t\t\t\t\t<\/div>\n\t\t<\/div>\n\t\t\t\t\t<\/div>\n\t\t<\/section>\n\t\t\t\t<\/div>\n\t\t","protected":false},"excerpt":{"rendered":"<p>KKK Avaleht KEIT\u00c4 ME OLEMME ? Olemme johtava informatiivinen verkkosivusto ja verkkopalvelu yksinomaan l\u00e4\u00e4kkeiden kuluttajille. Kamagran, Tadaliksen, Valifin jne. kaltaiset l\u00e4\u00e4kevalmisteet ovat helppok\u00e4ytt\u00f6isimpi\u00e4 ja myydyimpi\u00e4 XX-tuotteita, joita myyd\u00e4\u00e4n kaikkialla Euroopassa ja Yhdysvalloissa. Kaikki luetellut tuotteet ovat 100 % alkuper\u00e4isi\u00e4 ja tulevat suoraan intialaisilta l\u00e4\u00e4kevalmistajilta. L\u00e4\u00e4kkeemme sis\u00e4lt\u00e4v\u00e4t samoja tehokkaita ainesosia kuin kilpailijoidemme tuotteet, mutta niit\u00e4 myyd\u00e4\u00e4n<\/p>\n<div class=\"klb-readmore\"><a class=\"c-btn\" href=\"https:\/\/kullipilleri.shop\/fi\/ukk\/\">Read More <i class=\"far fa-plus\"><\/i><\/a><\/div>\n","protected":false},"author":65,"featured_media":0,"parent":0,"menu_order":0,"comment_status":"closed","ping_status":"closed","template":"","meta":{"_acf_changed":false,"footnotes":""},"class_list":["post-1025","page","type-page","status-publish","hentry"],"acf":[],"yoast_head":"<!-- This site is optimized with the Yoast SEO Premium plugin v25.3.1 (Yoast SEO v27.5) - https:\/\/yoast.com\/product\/yoast-seo-premium-wordpress\/ -->\n<title>UKK - Kullipilleri.com<\/title>\n<meta name=\"robots\" content=\"index, follow, max-snippet:-1, max-image-preview:large, max-video-preview:-1\" \/>\n<link rel=\"canonical\" href=\"https:\/\/kullipilleri.shop\/kkk\/\" \/>\n<meta property=\"og:locale\" content=\"fi_FI\" \/>\n<meta property=\"og:type\" content=\"article\" \/>\n<meta property=\"og:title\" content=\"UKK\" \/>\n<meta property=\"og:description\" content=\"KKK Avaleht KEIT\u00c4 ME OLEMME ? Olemme johtava informatiivinen verkkosivusto ja verkkopalvelu yksinomaan l\u00e4\u00e4kkeiden kuluttajille. Kamagran, Tadaliksen, Valifin jne. kaltaiset l\u00e4\u00e4kevalmisteet ovat helppok\u00e4ytt\u00f6isimpi\u00e4 ja myydyimpi\u00e4 XX-tuotteita, joita myyd\u00e4\u00e4n kaikkialla Euroopassa ja Yhdysvalloissa. Kaikki luetellut tuotteet ovat 100 % alkuper\u00e4isi\u00e4 ja tulevat suoraan intialaisilta l\u00e4\u00e4kevalmistajilta. L\u00e4\u00e4kkeemme sis\u00e4lt\u00e4v\u00e4t samoja tehokkaita ainesosia kuin kilpailijoidemme tuotteet, mutta niit\u00e4 myyd\u00e4\u00e4nRead More\" \/>\n<meta property=\"og:url\" content=\"https:\/\/kullipilleri.shop\/kkk\/\" \/>\n<meta property=\"og:site_name\" content=\"Kullipilleri.com\" \/>\n<meta property=\"article:modified_time\" content=\"2023-06-06T11:07:00+00:00\" \/>\n<meta name=\"twitter:card\" content=\"summary_large_image\" \/>\n<meta name=\"twitter:label1\" content=\"Arvioitu lukuaika\" \/>\n\t<meta name=\"twitter:data1\" content=\"1 minuutti\" \/>\n<script type=\"application\/ld+json\" class=\"yoast-schema-graph\">{\"@context\":\"https:\\\/\\\/schema.org\",\"@graph\":[{\"@type\":\"WebPage\",\"@id\":\"https:\\\/\\\/kullipilleri.shop\\\/kkk\\\/\",\"url\":\"https:\\\/\\\/kullipilleri.shop\\\/kkk\\\/\",\"name\":\"UKK - Kullipilleri.com\",\"isPartOf\":{\"@id\":\"https:\\\/\\\/kullipilleri.shop\\\/#website\"},\"datePublished\":\"2020-10-09T05:25:40+00:00\",\"dateModified\":\"2023-06-06T11:07:00+00:00\",\"breadcrumb\":{\"@id\":\"https:\\\/\\\/kullipilleri.shop\\\/kkk\\\/#breadcrumb\"},\"inLanguage\":\"fi\",\"potentialAction\":[{\"@type\":\"ReadAction\",\"target\":[\"https:\\\/\\\/kullipilleri.shop\\\/kkk\\\/\"]}]},{\"@type\":\"BreadcrumbList\",\"@id\":\"https:\\\/\\\/kullipilleri.shop\\\/kkk\\\/#breadcrumb\",\"itemListElement\":[{\"@type\":\"ListItem\",\"position\":1,\"name\":\"Home\",\"item\":\"https:\\\/\\\/kullipilleri.shop\\\/fi\\\/\"},{\"@type\":\"ListItem\",\"position\":2,\"name\":\"UKK\"}]},{\"@type\":\"WebSite\",\"@id\":\"https:\\\/\\\/kullipilleri.shop\\\/#website\",\"url\":\"https:\\\/\\\/kullipilleri.shop\\\/\",\"name\":\"Kullipilleri.com\",\"description\":\"Laadukkaat potenssipillerit erekti\u00f6h\u00e4iri\u00f6iden hoitoon\",\"publisher\":{\"@id\":\"https:\\\/\\\/kullipilleri.shop\\\/#organization\"},\"potentialAction\":[{\"@type\":\"SearchAction\",\"target\":{\"@type\":\"EntryPoint\",\"urlTemplate\":\"https:\\\/\\\/kullipilleri.shop\\\/?s={search_term_string}\"},\"query-input\":{\"@type\":\"PropertyValueSpecification\",\"valueRequired\":true,\"valueName\":\"search_term_string\"}}],\"inLanguage\":\"fi\"},{\"@type\":\"Organization\",\"@id\":\"https:\\\/\\\/kullipilleri.shop\\\/#organization\",\"name\":\"KulliPilleri\",\"url\":\"https:\\\/\\\/kullipilleri.shop\\\/\",\"logo\":{\"@type\":\"ImageObject\",\"inLanguage\":\"fi\",\"@id\":\"https:\\\/\\\/kullipilleri.shop\\\/#\\\/schema\\\/logo\\\/image\\\/\",\"url\":\"https:\\\/\\\/kullipilleri.shop\\\/wp-content\\\/uploads\\\/2023\\\/02\\\/ikoon.png\",\"contentUrl\":\"https:\\\/\\\/kullipilleri.shop\\\/wp-content\\\/uploads\\\/2023\\\/02\\\/ikoon.png\",\"width\":513,\"height\":513,\"caption\":\"KulliPilleri\"},\"image\":{\"@id\":\"https:\\\/\\\/kullipilleri.shop\\\/#\\\/schema\\\/logo\\\/image\\\/\"}}]}<\/script>\n<!-- \/ Yoast SEO Premium plugin. -->","yoast_head_json":{"title":"UKK - Kullipilleri.com","robots":{"index":"index","follow":"follow","max-snippet":"max-snippet:-1","max-image-preview":"max-image-preview:large","max-video-preview":"max-video-preview:-1"},"canonical":"https:\/\/kullipilleri.shop\/kkk\/","og_locale":"fi_FI","og_type":"article","og_title":"UKK","og_description":"KKK Avaleht KEIT\u00c4 ME OLEMME ? Olemme johtava informatiivinen verkkosivusto ja verkkopalvelu yksinomaan l\u00e4\u00e4kkeiden kuluttajille. Kamagran, Tadaliksen, Valifin jne. kaltaiset l\u00e4\u00e4kevalmisteet ovat helppok\u00e4ytt\u00f6isimpi\u00e4 ja myydyimpi\u00e4 XX-tuotteita, joita myyd\u00e4\u00e4n kaikkialla Euroopassa ja Yhdysvalloissa. Kaikki luetellut tuotteet ovat 100 % alkuper\u00e4isi\u00e4 ja tulevat suoraan intialaisilta l\u00e4\u00e4kevalmistajilta. L\u00e4\u00e4kkeemme sis\u00e4lt\u00e4v\u00e4t samoja tehokkaita ainesosia kuin kilpailijoidemme tuotteet, mutta niit\u00e4 myyd\u00e4\u00e4nRead More","og_url":"https:\/\/kullipilleri.shop\/kkk\/","og_site_name":"Kullipilleri.com","article_modified_time":"2023-06-06T11:07:00+00:00","twitter_card":"summary_large_image","twitter_misc":{"Arvioitu lukuaika":"1 minuutti"},"schema":{"@context":"https:\/\/schema.org","@graph":[{"@type":"WebPage","@id":"https:\/\/kullipilleri.shop\/kkk\/","url":"https:\/\/kullipilleri.shop\/kkk\/","name":"UKK - Kullipilleri.com","isPartOf":{"@id":"https:\/\/kullipilleri.shop\/#website"},"datePublished":"2020-10-09T05:25:40+00:00","dateModified":"2023-06-06T11:07:00+00:00","breadcrumb":{"@id":"https:\/\/kullipilleri.shop\/kkk\/#breadcrumb"},"inLanguage":"fi","potentialAction":[{"@type":"ReadAction","target":["https:\/\/kullipilleri.shop\/kkk\/"]}]},{"@type":"BreadcrumbList","@id":"https:\/\/kullipilleri.shop\/kkk\/#breadcrumb","itemListElement":[{"@type":"ListItem","position":1,"name":"Home","item":"https:\/\/kullipilleri.shop\/fi\/"},{"@type":"ListItem","position":2,"name":"UKK"}]},{"@type":"WebSite","@id":"https:\/\/kullipilleri.shop\/#website","url":"https:\/\/kullipilleri.shop\/","name":"Kullipilleri.com","description":"Laadukkaat potenssipillerit erekti\u00f6h\u00e4iri\u00f6iden hoitoon","publisher":{"@id":"https:\/\/kullipilleri.shop\/#organization"},"potentialAction":[{"@type":"SearchAction","target":{"@type":"EntryPoint","urlTemplate":"https:\/\/kullipilleri.shop\/?s={search_term_string}"},"query-input":{"@type":"PropertyValueSpecification","valueRequired":true,"valueName":"search_term_string"}}],"inLanguage":"fi"},{"@type":"Organization","@id":"https:\/\/kullipilleri.shop\/#organization","name":"KulliPilleri","url":"https:\/\/kullipilleri.shop\/","logo":{"@type":"ImageObject","inLanguage":"fi","@id":"https:\/\/kullipilleri.shop\/#\/schema\/logo\/image\/","url":"https:\/\/kullipilleri.shop\/wp-content\/uploads\/2023\/02\/ikoon.png","contentUrl":"https:\/\/kullipilleri.shop\/wp-content\/uploads\/2023\/02\/ikoon.png","width":513,"height":513,"caption":"KulliPilleri"},"image":{"@id":"https:\/\/kullipilleri.shop\/#\/schema\/logo\/image\/"}}]}},"_links":{"self":[{"href":"https:\/\/kullipilleri.shop\/fi\/wp-json\/wp\/v2\/pages\/1025","targetHints":{"allow":["GET"]}}],"collection":[{"href":"https:\/\/kullipilleri.shop\/fi\/wp-json\/wp\/v2\/pages"}],"about":[{"href":"https:\/\/kullipilleri.shop\/fi\/wp-json\/wp\/v2\/types\/page"}],"author":[{"embeddable":true,"href":"https:\/\/kullipilleri.shop\/fi\/wp-json\/wp\/v2\/users\/65"}],"replies":[{"embeddable":true,"href":"https:\/\/kullipilleri.shop\/fi\/wp-json\/wp\/v2\/comments?post=1025"}],"version-history":[{"count":0,"href":"https:\/\/kullipilleri.shop\/fi\/wp-json\/wp\/v2\/pages\/1025\/revisions"}],"wp:attachment":[{"href":"https:\/\/kullipilleri.shop\/fi\/wp-json\/wp\/v2\/media?parent=1025"}],"curies":[{"name":"wp","href":"https:\/\/api.w.org\/{rel}","templated":true}]}}