{"id":3187,"date":"2024-05-17T11:10:02","date_gmt":"2024-05-17T11:10:02","guid":{"rendered":"https:\/\/kullipilleri.shop\/?post_type=product&#038;p=3187"},"modified":"2025-11-27T12:31:16","modified_gmt":"2025-11-27T12:31:16","slug":"ciamed-5","status":"publish","type":"product","link":"https:\/\/kullipilleri.shop\/en\/toode\/ciamed-5\/","title":{"rendered":"CIAMED 5 (Tadalafil)"},"content":{"rendered":"","protected":false},"excerpt":{"rendered":"<p><strong><span style=\"vertical-align: inherit;\"><span style=\"vertical-align: inherit;\">CIAMED 5<\/span><\/span><\/strong><span style=\"vertical-align: inherit;\"><span style=\"vertical-align: inherit;\"> (Tadalafiili) kasutatakse erektsioonih\u00e4irete (impotentsuse) ja eesn\u00e4\u00e4rme healoomulise h\u00fcpertroofia (suurenenud eesn\u00e4\u00e4rme) ja pulmonaalse arteriaalse h\u00fcpertensiooni s\u00fcmptomite raviks ning meeste ja naiste kehalise v\u00f5imekuse parandamiseks. Seda toodetakse 5 mg tablettidena, mis sisaldavad 5 mg tadalafiili ja abiaineid<\/span><\/span><\/p>\n","protected":false},"featured_media":3214,"template":"","meta":{"_acf_changed":false},"product_brand":[],"product_cat":[66],"product_tag":[],"class_list":{"0":"post-3187","1":"product","2":"type-product","3":"status-publish","4":"has-post-thumbnail","6":"product_cat-generic-cialis-2","8":"first","9":"outofstock","10":"shipping-taxable","11":"purchasable","12":"product-type-simple"},"acf":[],"yoast_head":"<!-- This site is optimized with the Yoast SEO Premium plugin v25.3.1 (Yoast SEO v27.5) - https:\/\/yoast.com\/product\/yoast-seo-premium-wordpress\/ -->\n<title>CIAMED 5 (Tadalafil) - KulliPilleri.com<\/title>\n<meta name=\"robots\" content=\"index, follow, max-snippet:-1, max-image-preview:large, max-video-preview:-1\" \/>\n<link rel=\"canonical\" href=\"https:\/\/kullipilleri.shop\/en\/toode\/ciamed-5\/\" \/>\n<meta property=\"og:locale\" content=\"en_US\" \/>\n<meta property=\"og:type\" content=\"article\" \/>\n<meta property=\"og:title\" content=\"CIAMED 5 (Tadalafil)\" \/>\n<meta property=\"og:description\" content=\"CIAMED 5 (Tadalafiili) kasutatakse erektsioonih\u00e4irete (impotentsuse) ja eesn\u00e4\u00e4rme healoomulise h\u00fcpertroofia (suurenenud eesn\u00e4\u00e4rme) ja pulmonaalse arteriaalse h\u00fcpertensiooni s\u00fcmptomite raviks ning meeste ja naiste kehalise v\u00f5imekuse parandamiseks. Seda toodetakse 5 mg tablettidena, mis sisaldavad 5 mg tadalafiili ja abiaineid\" \/>\n<meta property=\"og:url\" content=\"https:\/\/kullipilleri.shop\/en\/toode\/ciamed-5\/\" \/>\n<meta property=\"og:site_name\" content=\"KulliPilleri.com\" \/>\n<meta property=\"article:modified_time\" content=\"2025-11-27T12:31:16+00:00\" \/>\n<meta property=\"og:image\" content=\"https:\/\/kullipilleri.shop\/wp-content\/uploads\/2024\/05\/front_ciamed5.webp\" \/>\n\t<meta property=\"og:image:width\" content=\"700\" \/>\n\t<meta property=\"og:image:height\" content=\"700\" \/>\n\t<meta property=\"og:image:type\" content=\"image\/webp\" \/>\n<meta name=\"twitter:card\" content=\"summary_large_image\" \/>\n<meta name=\"twitter:label1\" content=\"Price\" \/>\n\t<meta name=\"twitter:data1\" content=\"34,00&euro;\" \/>\n\t<meta name=\"twitter:label2\" content=\"Availability\" \/>\n\t<meta name=\"twitter:data2\" content=\"Out of stock\" \/>\n<script type=\"application\/ld+json\" class=\"yoast-schema-graph\">{\"@context\":\"https:\\\/\\\/schema.org\",\"@graph\":[{\"@type\":\"WebPage\",\"@id\":\"https:\\\/\\\/kullipilleri.shop\\\/en\\\/toode\\\/ciamed-5\\\/\",\"url\":\"https:\\\/\\\/kullipilleri.shop\\\/en\\\/toode\\\/ciamed-5\\\/\",\"name\":\"CIAMED 5 (Tadalafil) - KulliPilleri.com\",\"isPartOf\":{\"@id\":\"https:\\\/\\\/kullipilleri.shop\\\/#website\"},\"primaryImageOfPage\":{\"@id\":\"https:\\\/\\\/kullipilleri.shop\\\/en\\\/toode\\\/ciamed-5\\\/#primaryimage\"},\"image\":{\"@id\":\"https:\\\/\\\/kullipilleri.shop\\\/en\\\/toode\\\/ciamed-5\\\/#primaryimage\"},\"thumbnailUrl\":\"https:\\\/\\\/kullipilleri.shop\\\/wp-content\\\/uploads\\\/2024\\\/05\\\/front_ciamed5.webp\",\"datePublished\":\"2024-05-17T11:10:02+00:00\",\"dateModified\":\"2025-11-27T12:31:16+00:00\",\"breadcrumb\":{\"@id\":\"https:\\\/\\\/kullipilleri.shop\\\/en\\\/toode\\\/ciamed-5\\\/#breadcrumb\"},\"inLanguage\":\"en-US\",\"potentialAction\":[{\"@type\":\"ReadAction\",\"target\":[\"https:\\\/\\\/kullipilleri.shop\\\/en\\\/toode\\\/ciamed-5\\\/\"]}]},{\"@type\":\"ImageObject\",\"inLanguage\":\"en-US\",\"@id\":\"https:\\\/\\\/kullipilleri.shop\\\/en\\\/toode\\\/ciamed-5\\\/#primaryimage\",\"url\":\"https:\\\/\\\/kullipilleri.shop\\\/wp-content\\\/uploads\\\/2024\\\/05\\\/front_ciamed5.webp\",\"contentUrl\":\"https:\\\/\\\/kullipilleri.shop\\\/wp-content\\\/uploads\\\/2024\\\/05\\\/front_ciamed5.webp\",\"width\":700,\"height\":700},{\"@type\":\"BreadcrumbList\",\"@id\":\"https:\\\/\\\/kullipilleri.shop\\\/en\\\/toode\\\/ciamed-5\\\/#breadcrumb\",\"itemListElement\":[{\"@type\":\"ListItem\",\"position\":1,\"name\":\"Home\",\"item\":\"https:\\\/\\\/kullipilleri.shop\\\/en\\\/\"},{\"@type\":\"ListItem\",\"position\":2,\"name\":\"Shop\",\"item\":\"https:\\\/\\\/kullipilleri.shop\\\/en\\\/\"},{\"@type\":\"ListItem\",\"position\":3,\"name\":\"CIAMED 5 (Tadalafil)\"}]},{\"@type\":\"WebSite\",\"@id\":\"https:\\\/\\\/kullipilleri.shop\\\/#website\",\"url\":\"https:\\\/\\\/kullipilleri.shop\\\/\",\"name\":\"KulliPilleri.com\",\"description\":\"High quality sex pills for treatment of erectile dysfunction.\",\"publisher\":{\"@id\":\"https:\\\/\\\/kullipilleri.shop\\\/#organization\"},\"potentialAction\":[{\"@type\":\"SearchAction\",\"target\":{\"@type\":\"EntryPoint\",\"urlTemplate\":\"https:\\\/\\\/kullipilleri.shop\\\/?s={search_term_string}\"},\"query-input\":{\"@type\":\"PropertyValueSpecification\",\"valueRequired\":true,\"valueName\":\"search_term_string\"}}],\"inLanguage\":\"en-US\"},{\"@type\":\"Organization\",\"@id\":\"https:\\\/\\\/kullipilleri.shop\\\/#organization\",\"name\":\"KulliPilleri\",\"url\":\"https:\\\/\\\/kullipilleri.shop\\\/\",\"logo\":{\"@type\":\"ImageObject\",\"inLanguage\":\"en-US\",\"@id\":\"https:\\\/\\\/kullipilleri.shop\\\/#\\\/schema\\\/logo\\\/image\\\/\",\"url\":\"https:\\\/\\\/kullipilleri.shop\\\/wp-content\\\/uploads\\\/2023\\\/02\\\/ikoon.png\",\"contentUrl\":\"https:\\\/\\\/kullipilleri.shop\\\/wp-content\\\/uploads\\\/2023\\\/02\\\/ikoon.png\",\"width\":513,\"height\":513,\"caption\":\"KulliPilleri\"},\"image\":{\"@id\":\"https:\\\/\\\/kullipilleri.shop\\\/#\\\/schema\\\/logo\\\/image\\\/\"}}]}<\/script>\n<meta property=\"product:brand\" content=\"Generic Cialis\" \/>\n<meta property=\"product:price:amount\" content=\"34.00\" \/>\n<meta property=\"product:price:currency\" content=\"EUR\" \/>\n<meta property=\"og:availability\" content=\"out of stock\" \/>\n<meta property=\"product:availability\" content=\"out of stock\" \/>\n<meta property=\"product:retailer_item_id\" content=\"CIAMED-8856488255\" \/>\n<meta property=\"product:condition\" content=\"new\" \/>\n<!-- \/ Yoast SEO Premium plugin. -->","yoast_head_json":{"title":"CIAMED 5 (Tadalafil) - KulliPilleri.com","robots":{"index":"index","follow":"follow","max-snippet":"max-snippet:-1","max-image-preview":"max-image-preview:large","max-video-preview":"max-video-preview:-1"},"canonical":"https:\/\/kullipilleri.shop\/en\/toode\/ciamed-5\/","og_locale":"en_US","og_type":"article","og_title":"CIAMED 5 (Tadalafil)","og_description":"CIAMED 5 (Tadalafiili) kasutatakse erektsioonih\u00e4irete (impotentsuse) ja eesn\u00e4\u00e4rme healoomulise h\u00fcpertroofia (suurenenud eesn\u00e4\u00e4rme) ja pulmonaalse arteriaalse h\u00fcpertensiooni s\u00fcmptomite raviks ning meeste ja naiste kehalise v\u00f5imekuse parandamiseks. Seda toodetakse 5 mg tablettidena, mis sisaldavad 5 mg tadalafiili ja abiaineid","og_url":"https:\/\/kullipilleri.shop\/en\/toode\/ciamed-5\/","og_site_name":"KulliPilleri.com","article_modified_time":"2025-11-27T12:31:16+00:00","og_image":[{"width":700,"height":700,"url":"https:\/\/kullipilleri.shop\/wp-content\/uploads\/2024\/05\/front_ciamed5.webp","type":"image\/webp"}],"twitter_card":"summary_large_image","twitter_misc":{"Price":"34,00&euro;","Availability":"Out of stock"},"schema":{"@context":"https:\/\/schema.org","@graph":[{"@type":"WebPage","@id":"https:\/\/kullipilleri.shop\/en\/toode\/ciamed-5\/","url":"https:\/\/kullipilleri.shop\/en\/toode\/ciamed-5\/","name":"CIAMED 5 (Tadalafil) - KulliPilleri.com","isPartOf":{"@id":"https:\/\/kullipilleri.shop\/#website"},"primaryImageOfPage":{"@id":"https:\/\/kullipilleri.shop\/en\/toode\/ciamed-5\/#primaryimage"},"image":{"@id":"https:\/\/kullipilleri.shop\/en\/toode\/ciamed-5\/#primaryimage"},"thumbnailUrl":"https:\/\/kullipilleri.shop\/wp-content\/uploads\/2024\/05\/front_ciamed5.webp","datePublished":"2024-05-17T11:10:02+00:00","dateModified":"2025-11-27T12:31:16+00:00","breadcrumb":{"@id":"https:\/\/kullipilleri.shop\/en\/toode\/ciamed-5\/#breadcrumb"},"inLanguage":"en-US","potentialAction":[{"@type":"ReadAction","target":["https:\/\/kullipilleri.shop\/en\/toode\/ciamed-5\/"]}]},{"@type":"ImageObject","inLanguage":"en-US","@id":"https:\/\/kullipilleri.shop\/en\/toode\/ciamed-5\/#primaryimage","url":"https:\/\/kullipilleri.shop\/wp-content\/uploads\/2024\/05\/front_ciamed5.webp","contentUrl":"https:\/\/kullipilleri.shop\/wp-content\/uploads\/2024\/05\/front_ciamed5.webp","width":700,"height":700},{"@type":"BreadcrumbList","@id":"https:\/\/kullipilleri.shop\/en\/toode\/ciamed-5\/#breadcrumb","itemListElement":[{"@type":"ListItem","position":1,"name":"Home","item":"https:\/\/kullipilleri.shop\/en\/"},{"@type":"ListItem","position":2,"name":"Shop","item":"https:\/\/kullipilleri.shop\/en\/"},{"@type":"ListItem","position":3,"name":"CIAMED 5 (Tadalafil)"}]},{"@type":"WebSite","@id":"https:\/\/kullipilleri.shop\/#website","url":"https:\/\/kullipilleri.shop\/","name":"KulliPilleri.com","description":"High quality sex pills for treatment of erectile dysfunction.","publisher":{"@id":"https:\/\/kullipilleri.shop\/#organization"},"potentialAction":[{"@type":"SearchAction","target":{"@type":"EntryPoint","urlTemplate":"https:\/\/kullipilleri.shop\/?s={search_term_string}"},"query-input":{"@type":"PropertyValueSpecification","valueRequired":true,"valueName":"search_term_string"}}],"inLanguage":"en-US"},{"@type":"Organization","@id":"https:\/\/kullipilleri.shop\/#organization","name":"KulliPilleri","url":"https:\/\/kullipilleri.shop\/","logo":{"@type":"ImageObject","inLanguage":"en-US","@id":"https:\/\/kullipilleri.shop\/#\/schema\/logo\/image\/","url":"https:\/\/kullipilleri.shop\/wp-content\/uploads\/2023\/02\/ikoon.png","contentUrl":"https:\/\/kullipilleri.shop\/wp-content\/uploads\/2023\/02\/ikoon.png","width":513,"height":513,"caption":"KulliPilleri"},"image":{"@id":"https:\/\/kullipilleri.shop\/#\/schema\/logo\/image\/"}}]},"product_brand":"Generic Cialis","product_price_amount":"34.00","product_price_currency":"EUR","og_availability":"out of stock","product_availability":"out of stock","product_retailer_item_id":"CIAMED-8856488255","product_condition":"new"},"_links":{"self":[{"href":"https:\/\/kullipilleri.shop\/en\/wp-json\/wp\/v2\/product\/3187","targetHints":{"allow":["GET"]}}],"collection":[{"href":"https:\/\/kullipilleri.shop\/en\/wp-json\/wp\/v2\/product"}],"about":[{"href":"https:\/\/kullipilleri.shop\/en\/wp-json\/wp\/v2\/types\/product"}],"wp:featuredmedia":[{"embeddable":true,"href":"https:\/\/kullipilleri.shop\/en\/wp-json\/wp\/v2\/media\/3214"}],"wp:attachment":[{"href":"https:\/\/kullipilleri.shop\/en\/wp-json\/wp\/v2\/media?parent=3187"}],"wp:term":[{"taxonomy":"product_brand","embeddable":true,"href":"https:\/\/kullipilleri.shop\/en\/wp-json\/wp\/v2\/product_brand?post=3187"},{"taxonomy":"product_cat","embeddable":true,"href":"https:\/\/kullipilleri.shop\/en\/wp-json\/wp\/v2\/product_cat?post=3187"},{"taxonomy":"product_tag","embeddable":true,"href":"https:\/\/kullipilleri.shop\/en\/wp-json\/wp\/v2\/product_tag?post=3187"}],"curies":[{"name":"wp","href":"https:\/\/api.w.org\/{rel}","templated":true}]}}