{"id":1181,"date":"2023-02-26T13:14:39","date_gmt":"2023-02-26T13:14:39","guid":{"rendered":"https:\/\/pilleri.chelly.ee\/?post_type=product&#038;p=1181"},"modified":"2026-04-06T13:54:44","modified_gmt":"2026-04-06T13:54:44","slug":"vidalista-ct-20mg","status":"publish","type":"product","link":"https:\/\/kullipilleri.shop\/en\/toode\/vidalista-ct-20mg\/","title":{"rendered":"VDLST CT 20"},"content":{"rendered":"","protected":false},"excerpt":{"rendered":"<p><strong><span style=\"vertical-align: inherit;\"><span style=\"vertical-align: inherit;\">Vidalista CT 20<\/span><\/span><\/strong><span style=\"vertical-align: inherit;\"><span style=\"vertical-align: inherit;\"> on erektsioonih\u00e4irete raviks m\u00f5eldud pehme n\u00e4rimistablett, mis sisaldab toimeainet Tadalafiili. Sarnaselt klassikalisele tahvelarvutiversioonile toodab Vidalista CT 20 mg pehmeid sakke Centurion Laboratories kaasaegsetes rajatistes, mis vastavad Euroopa Liidu ja Ameerika \u00dchendriikide (FDA) rangetele ohutus- ja kvaliteedistandarditele.<\/span><\/span><\/p>\n","protected":false},"featured_media":1186,"template":"","meta":{"_acf_changed":false},"product_brand":[],"product_cat":[66],"product_tag":[],"class_list":{"0":"post-1181","1":"product","2":"type-product","3":"status-publish","4":"has-post-thumbnail","6":"product_cat-generic-cialis-2","8":"first","9":"instock","10":"shipping-taxable","11":"purchasable","12":"product-type-simple"},"acf":[],"yoast_head":"<!-- This site is optimized with the Yoast SEO Premium plugin v25.3.1 (Yoast SEO v27.5) - https:\/\/yoast.com\/product\/yoast-seo-premium-wordpress\/ -->\n<title>VDLST CT 20 - KulliPilleri.com<\/title>\n<meta name=\"robots\" content=\"index, follow, max-snippet:-1, max-image-preview:large, max-video-preview:-1\" \/>\n<link rel=\"canonical\" href=\"https:\/\/kullipilleri.shop\/en\/toode\/vidalista-ct-20mg\/\" \/>\n<meta property=\"og:locale\" content=\"en_US\" \/>\n<meta property=\"og:type\" content=\"article\" \/>\n<meta property=\"og:title\" content=\"VDLST CT 20\" \/>\n<meta property=\"og:description\" content=\"Vidalista CT 20 on erektsioonih\u00e4irete raviks m\u00f5eldud pehme n\u00e4rimistablett, mis sisaldab toimeainet Tadalafiili. Sarnaselt klassikalisele tahvelarvutiversioonile toodab Vidalista CT 20 mg pehmeid sakke Centurion Laboratories kaasaegsetes rajatistes, mis vastavad Euroopa Liidu ja Ameerika \u00dchendriikide (FDA) rangetele ohutus- ja kvaliteedistandarditele.\" \/>\n<meta property=\"og:url\" content=\"https:\/\/kullipilleri.shop\/en\/toode\/vidalista-ct-20mg\/\" \/>\n<meta property=\"og:site_name\" content=\"KulliPilleri.com\" \/>\n<meta property=\"article:modified_time\" content=\"2026-04-06T13:54:44+00:00\" \/>\n<meta property=\"og:image\" content=\"https:\/\/kullipilleri.shop\/wp-content\/uploads\/2023\/02\/vidalista-ct-20-mg.jpg\" \/>\n\t<meta property=\"og:image:width\" content=\"1000\" \/>\n\t<meta property=\"og:image:height\" content=\"1000\" \/>\n\t<meta property=\"og:image:type\" content=\"image\/jpeg\" \/>\n<meta name=\"twitter:card\" content=\"summary_large_image\" \/>\n<meta name=\"twitter:label1\" content=\"Price\" \/>\n\t<meta name=\"twitter:data1\" content=\"25,00&euro;\" \/>\n\t<meta name=\"twitter:label2\" content=\"Availability\" \/>\n\t<meta name=\"twitter:data2\" content=\"In stock\" \/>\n<script type=\"application\/ld+json\" class=\"yoast-schema-graph\">{\"@context\":\"https:\\\/\\\/schema.org\",\"@graph\":[{\"@type\":\"WebPage\",\"@id\":\"https:\\\/\\\/kullipilleri.shop\\\/en\\\/toode\\\/vidalista-ct-20mg\\\/\",\"url\":\"https:\\\/\\\/kullipilleri.shop\\\/en\\\/toode\\\/vidalista-ct-20mg\\\/\",\"name\":\"VDLST CT 20 - KulliPilleri.com\",\"isPartOf\":{\"@id\":\"https:\\\/\\\/kullipilleri.shop\\\/#website\"},\"primaryImageOfPage\":{\"@id\":\"https:\\\/\\\/kullipilleri.shop\\\/en\\\/toode\\\/vidalista-ct-20mg\\\/#primaryimage\"},\"image\":{\"@id\":\"https:\\\/\\\/kullipilleri.shop\\\/en\\\/toode\\\/vidalista-ct-20mg\\\/#primaryimage\"},\"thumbnailUrl\":\"https:\\\/\\\/kullipilleri.shop\\\/wp-content\\\/uploads\\\/2023\\\/02\\\/vidalista-ct-20-mg.jpg\",\"datePublished\":\"2023-02-26T13:14:39+00:00\",\"dateModified\":\"2026-04-06T13:54:44+00:00\",\"breadcrumb\":{\"@id\":\"https:\\\/\\\/kullipilleri.shop\\\/en\\\/toode\\\/vidalista-ct-20mg\\\/#breadcrumb\"},\"inLanguage\":\"en-US\",\"potentialAction\":[{\"@type\":\"ReadAction\",\"target\":[\"https:\\\/\\\/kullipilleri.shop\\\/en\\\/toode\\\/vidalista-ct-20mg\\\/\"]}]},{\"@type\":\"ImageObject\",\"inLanguage\":\"en-US\",\"@id\":\"https:\\\/\\\/kullipilleri.shop\\\/en\\\/toode\\\/vidalista-ct-20mg\\\/#primaryimage\",\"url\":\"https:\\\/\\\/kullipilleri.shop\\\/wp-content\\\/uploads\\\/2023\\\/02\\\/vidalista-ct-20-mg.jpg\",\"contentUrl\":\"https:\\\/\\\/kullipilleri.shop\\\/wp-content\\\/uploads\\\/2023\\\/02\\\/vidalista-ct-20-mg.jpg\",\"width\":1000,\"height\":1000},{\"@type\":\"BreadcrumbList\",\"@id\":\"https:\\\/\\\/kullipilleri.shop\\\/en\\\/toode\\\/vidalista-ct-20mg\\\/#breadcrumb\",\"itemListElement\":[{\"@type\":\"ListItem\",\"position\":1,\"name\":\"Home\",\"item\":\"https:\\\/\\\/kullipilleri.shop\\\/en\\\/\"},{\"@type\":\"ListItem\",\"position\":2,\"name\":\"Shop\",\"item\":\"https:\\\/\\\/kullipilleri.shop\\\/en\\\/\"},{\"@type\":\"ListItem\",\"position\":3,\"name\":\"VDLST CT 20\"}]},{\"@type\":\"WebSite\",\"@id\":\"https:\\\/\\\/kullipilleri.shop\\\/#website\",\"url\":\"https:\\\/\\\/kullipilleri.shop\\\/\",\"name\":\"KulliPilleri.com\",\"description\":\"High quality sex pills for treatment of erectile dysfunction.\",\"publisher\":{\"@id\":\"https:\\\/\\\/kullipilleri.shop\\\/#organization\"},\"potentialAction\":[{\"@type\":\"SearchAction\",\"target\":{\"@type\":\"EntryPoint\",\"urlTemplate\":\"https:\\\/\\\/kullipilleri.shop\\\/?s={search_term_string}\"},\"query-input\":{\"@type\":\"PropertyValueSpecification\",\"valueRequired\":true,\"valueName\":\"search_term_string\"}}],\"inLanguage\":\"en-US\"},{\"@type\":\"Organization\",\"@id\":\"https:\\\/\\\/kullipilleri.shop\\\/#organization\",\"name\":\"KulliPilleri\",\"url\":\"https:\\\/\\\/kullipilleri.shop\\\/\",\"logo\":{\"@type\":\"ImageObject\",\"inLanguage\":\"en-US\",\"@id\":\"https:\\\/\\\/kullipilleri.shop\\\/#\\\/schema\\\/logo\\\/image\\\/\",\"url\":\"https:\\\/\\\/kullipilleri.shop\\\/wp-content\\\/uploads\\\/2023\\\/02\\\/ikoon.png\",\"contentUrl\":\"https:\\\/\\\/kullipilleri.shop\\\/wp-content\\\/uploads\\\/2023\\\/02\\\/ikoon.png\",\"width\":513,\"height\":513,\"caption\":\"KulliPilleri\"},\"image\":{\"@id\":\"https:\\\/\\\/kullipilleri.shop\\\/#\\\/schema\\\/logo\\\/image\\\/\"}}]}<\/script>\n<meta property=\"product:brand\" content=\"Generic Cialis\" \/>\n<meta property=\"product:price:amount\" content=\"25.00\" \/>\n<meta property=\"product:price:currency\" content=\"EUR\" \/>\n<meta property=\"og:availability\" content=\"instock\" \/>\n<meta property=\"product:availability\" content=\"instock\" \/>\n<meta property=\"product:retailer_item_id\" content=\"VDLSTCT-20486662\" \/>\n<meta property=\"product:condition\" content=\"new\" \/>\n<!-- \/ Yoast SEO Premium plugin. -->","yoast_head_json":{"title":"VDLST CT 20 - KulliPilleri.com","robots":{"index":"index","follow":"follow","max-snippet":"max-snippet:-1","max-image-preview":"max-image-preview:large","max-video-preview":"max-video-preview:-1"},"canonical":"https:\/\/kullipilleri.shop\/en\/toode\/vidalista-ct-20mg\/","og_locale":"en_US","og_type":"article","og_title":"VDLST CT 20","og_description":"Vidalista CT 20 on erektsioonih\u00e4irete raviks m\u00f5eldud pehme n\u00e4rimistablett, mis sisaldab toimeainet Tadalafiili. Sarnaselt klassikalisele tahvelarvutiversioonile toodab Vidalista CT 20 mg pehmeid sakke Centurion Laboratories kaasaegsetes rajatistes, mis vastavad Euroopa Liidu ja Ameerika \u00dchendriikide (FDA) rangetele ohutus- ja kvaliteedistandarditele.","og_url":"https:\/\/kullipilleri.shop\/en\/toode\/vidalista-ct-20mg\/","og_site_name":"KulliPilleri.com","article_modified_time":"2026-04-06T13:54:44+00:00","og_image":[{"width":1000,"height":1000,"url":"https:\/\/kullipilleri.shop\/wp-content\/uploads\/2023\/02\/vidalista-ct-20-mg.jpg","type":"image\/jpeg"}],"twitter_card":"summary_large_image","twitter_misc":{"Price":"25,00&euro;","Availability":"In stock"},"schema":{"@context":"https:\/\/schema.org","@graph":[{"@type":"WebPage","@id":"https:\/\/kullipilleri.shop\/en\/toode\/vidalista-ct-20mg\/","url":"https:\/\/kullipilleri.shop\/en\/toode\/vidalista-ct-20mg\/","name":"VDLST CT 20 - KulliPilleri.com","isPartOf":{"@id":"https:\/\/kullipilleri.shop\/#website"},"primaryImageOfPage":{"@id":"https:\/\/kullipilleri.shop\/en\/toode\/vidalista-ct-20mg\/#primaryimage"},"image":{"@id":"https:\/\/kullipilleri.shop\/en\/toode\/vidalista-ct-20mg\/#primaryimage"},"thumbnailUrl":"https:\/\/kullipilleri.shop\/wp-content\/uploads\/2023\/02\/vidalista-ct-20-mg.jpg","datePublished":"2023-02-26T13:14:39+00:00","dateModified":"2026-04-06T13:54:44+00:00","breadcrumb":{"@id":"https:\/\/kullipilleri.shop\/en\/toode\/vidalista-ct-20mg\/#breadcrumb"},"inLanguage":"en-US","potentialAction":[{"@type":"ReadAction","target":["https:\/\/kullipilleri.shop\/en\/toode\/vidalista-ct-20mg\/"]}]},{"@type":"ImageObject","inLanguage":"en-US","@id":"https:\/\/kullipilleri.shop\/en\/toode\/vidalista-ct-20mg\/#primaryimage","url":"https:\/\/kullipilleri.shop\/wp-content\/uploads\/2023\/02\/vidalista-ct-20-mg.jpg","contentUrl":"https:\/\/kullipilleri.shop\/wp-content\/uploads\/2023\/02\/vidalista-ct-20-mg.jpg","width":1000,"height":1000},{"@type":"BreadcrumbList","@id":"https:\/\/kullipilleri.shop\/en\/toode\/vidalista-ct-20mg\/#breadcrumb","itemListElement":[{"@type":"ListItem","position":1,"name":"Home","item":"https:\/\/kullipilleri.shop\/en\/"},{"@type":"ListItem","position":2,"name":"Shop","item":"https:\/\/kullipilleri.shop\/en\/"},{"@type":"ListItem","position":3,"name":"VDLST CT 20"}]},{"@type":"WebSite","@id":"https:\/\/kullipilleri.shop\/#website","url":"https:\/\/kullipilleri.shop\/","name":"KulliPilleri.com","description":"High quality sex pills for treatment of erectile dysfunction.","publisher":{"@id":"https:\/\/kullipilleri.shop\/#organization"},"potentialAction":[{"@type":"SearchAction","target":{"@type":"EntryPoint","urlTemplate":"https:\/\/kullipilleri.shop\/?s={search_term_string}"},"query-input":{"@type":"PropertyValueSpecification","valueRequired":true,"valueName":"search_term_string"}}],"inLanguage":"en-US"},{"@type":"Organization","@id":"https:\/\/kullipilleri.shop\/#organization","name":"KulliPilleri","url":"https:\/\/kullipilleri.shop\/","logo":{"@type":"ImageObject","inLanguage":"en-US","@id":"https:\/\/kullipilleri.shop\/#\/schema\/logo\/image\/","url":"https:\/\/kullipilleri.shop\/wp-content\/uploads\/2023\/02\/ikoon.png","contentUrl":"https:\/\/kullipilleri.shop\/wp-content\/uploads\/2023\/02\/ikoon.png","width":513,"height":513,"caption":"KulliPilleri"},"image":{"@id":"https:\/\/kullipilleri.shop\/#\/schema\/logo\/image\/"}}]},"product_brand":"Generic Cialis","product_price_amount":"25.00","product_price_currency":"EUR","og_availability":"instock","product_availability":"instock","product_retailer_item_id":"VDLSTCT-20486662","product_condition":"new"},"_links":{"self":[{"href":"https:\/\/kullipilleri.shop\/en\/wp-json\/wp\/v2\/product\/1181","targetHints":{"allow":["GET"]}}],"collection":[{"href":"https:\/\/kullipilleri.shop\/en\/wp-json\/wp\/v2\/product"}],"about":[{"href":"https:\/\/kullipilleri.shop\/en\/wp-json\/wp\/v2\/types\/product"}],"wp:featuredmedia":[{"embeddable":true,"href":"https:\/\/kullipilleri.shop\/en\/wp-json\/wp\/v2\/media\/1186"}],"wp:attachment":[{"href":"https:\/\/kullipilleri.shop\/en\/wp-json\/wp\/v2\/media?parent=1181"}],"wp:term":[{"taxonomy":"product_brand","embeddable":true,"href":"https:\/\/kullipilleri.shop\/en\/wp-json\/wp\/v2\/product_brand?post=1181"},{"taxonomy":"product_cat","embeddable":true,"href":"https:\/\/kullipilleri.shop\/en\/wp-json\/wp\/v2\/product_cat?post=1181"},{"taxonomy":"product_tag","embeddable":true,"href":"https:\/\/kullipilleri.shop\/en\/wp-json\/wp\/v2\/product_tag?post=1181"}],"curies":[{"name":"wp","href":"https:\/\/api.w.org\/{rel}","templated":true}]}}