{"id":1086,"date":"2023-02-26T12:40:32","date_gmt":"2023-02-26T12:40:32","guid":{"rendered":"https:\/\/pilleri.chelly.ee\/?post_type=product&#038;p=1086"},"modified":"2026-01-09T13:49:51","modified_gmt":"2026-01-09T13:49:51","slug":"super-vidalista-80mg","status":"publish","type":"product","link":"https:\/\/kullipilleri.shop\/en\/toode\/super-vidalista-80mg\/","title":{"rendered":"SPR VDLST 80"},"content":{"rendered":"","protected":false},"excerpt":{"rendered":"<p><strong><span style=\"vertical-align: inherit;\"><span style=\"vertical-align: inherit;\">Super Vidalista 80<\/span><\/span><\/strong><span style=\"vertical-align: inherit;\"><span style=\"vertical-align: inherit;\"> ja <\/span><\/span><strong><span style=\"vertical-align: inherit;\"><span style=\"vertical-align: inherit;\">Tadapox 80<\/span><\/span><\/strong><span style=\"vertical-align: inherit;\"><span style=\"vertical-align: inherit;\"> (Tadalafil 20mg &amp; Dapoxetine 60mg) on \u200b\u200bpopulaarne ja edukas erektsioonih\u00e4irete ravi. <\/span><span style=\"vertical-align: inherit;\">Sisaldavad samu toimeaineid nagu Cialis, saavad patsiendid t\u00f5husast raviajast kasu v\u00e4hemalt 36 tundi. <\/span><span style=\"vertical-align: inherit;\">See v\u00f5imaldab paaridel astuda vahekorda loomulikul ajal. <\/span><span style=\"vertical-align: inherit;\">See pikem efektiivne raviaeg on saanud Prantsusmaal ravimi h\u00fc\u00fcdnime &#8220;Le Weekender&#8221;.<\/span><\/span><\/p>\n","protected":false},"featured_media":1087,"template":"","meta":{"_acf_changed":false},"product_brand":[],"product_cat":[66,72],"product_tag":[],"class_list":{"0":"post-1086","1":"product","2":"type-product","3":"status-publish","4":"has-post-thumbnail","6":"product_cat-generic-cialis-2","7":"product_cat-generic-priligy","9":"first","10":"outofstock","11":"shipping-taxable","12":"purchasable","13":"product-type-simple"},"acf":[],"yoast_head":"<!-- This site is optimized with the Yoast SEO Premium plugin v25.3.1 (Yoast SEO v27.5) - https:\/\/yoast.com\/product\/yoast-seo-premium-wordpress\/ -->\n<title>SPR VDLST 80 - KulliPilleri.com<\/title>\n<meta name=\"robots\" content=\"index, follow, max-snippet:-1, max-image-preview:large, max-video-preview:-1\" \/>\n<link rel=\"canonical\" href=\"https:\/\/kullipilleri.shop\/en\/toode\/super-vidalista-80mg\/\" \/>\n<meta property=\"og:locale\" content=\"en_US\" \/>\n<meta property=\"og:type\" content=\"article\" \/>\n<meta property=\"og:title\" content=\"SPR VDLST 80\" \/>\n<meta property=\"og:description\" content=\"Super Vidalista 80 ja Tadapox 80 (Tadalafil 20mg &amp; Dapoxetine 60mg) on \u200b\u200bpopulaarne ja edukas erektsioonih\u00e4irete ravi. Sisaldavad samu toimeaineid nagu Cialis, saavad patsiendid t\u00f5husast raviajast kasu v\u00e4hemalt 36 tundi. See v\u00f5imaldab paaridel astuda vahekorda loomulikul ajal. See pikem efektiivne raviaeg on saanud Prantsusmaal ravimi h\u00fc\u00fcdnime &quot;Le Weekender&quot;.\" \/>\n<meta property=\"og:url\" content=\"https:\/\/kullipilleri.shop\/en\/toode\/super-vidalista-80mg\/\" \/>\n<meta property=\"og:site_name\" content=\"KulliPilleri.com\" \/>\n<meta property=\"article:modified_time\" content=\"2026-01-09T13:49:51+00:00\" \/>\n<meta property=\"og:image\" content=\"https:\/\/kullipilleri.shop\/wp-content\/uploads\/2023\/02\/super-vidalista-1-624x624-1.jpg\" \/>\n\t<meta property=\"og:image:width\" content=\"624\" \/>\n\t<meta property=\"og:image:height\" content=\"624\" \/>\n\t<meta property=\"og:image:type\" content=\"image\/jpeg\" \/>\n<meta name=\"twitter:card\" content=\"summary_large_image\" \/>\n<meta name=\"twitter:label1\" content=\"Price\" \/>\n\t<meta name=\"twitter:data1\" content=\"30,00&euro;\" \/>\n\t<meta name=\"twitter:label2\" content=\"Availability\" \/>\n\t<meta name=\"twitter:data2\" content=\"Out of stock\" \/>\n<script type=\"application\/ld+json\" class=\"yoast-schema-graph\">{\"@context\":\"https:\\\/\\\/schema.org\",\"@graph\":[{\"@type\":\"WebPage\",\"@id\":\"https:\\\/\\\/kullipilleri.shop\\\/en\\\/toode\\\/super-vidalista-80mg\\\/\",\"url\":\"https:\\\/\\\/kullipilleri.shop\\\/en\\\/toode\\\/super-vidalista-80mg\\\/\",\"name\":\"SPR VDLST 80 - KulliPilleri.com\",\"isPartOf\":{\"@id\":\"https:\\\/\\\/kullipilleri.shop\\\/#website\"},\"primaryImageOfPage\":{\"@id\":\"https:\\\/\\\/kullipilleri.shop\\\/en\\\/toode\\\/super-vidalista-80mg\\\/#primaryimage\"},\"image\":{\"@id\":\"https:\\\/\\\/kullipilleri.shop\\\/en\\\/toode\\\/super-vidalista-80mg\\\/#primaryimage\"},\"thumbnailUrl\":\"https:\\\/\\\/kullipilleri.shop\\\/wp-content\\\/uploads\\\/2023\\\/02\\\/super-vidalista-1-624x624-1.jpg\",\"datePublished\":\"2023-02-26T12:40:32+00:00\",\"dateModified\":\"2026-01-09T13:49:51+00:00\",\"breadcrumb\":{\"@id\":\"https:\\\/\\\/kullipilleri.shop\\\/en\\\/toode\\\/super-vidalista-80mg\\\/#breadcrumb\"},\"inLanguage\":\"en-US\",\"potentialAction\":[{\"@type\":\"ReadAction\",\"target\":[\"https:\\\/\\\/kullipilleri.shop\\\/en\\\/toode\\\/super-vidalista-80mg\\\/\"]}]},{\"@type\":\"ImageObject\",\"inLanguage\":\"en-US\",\"@id\":\"https:\\\/\\\/kullipilleri.shop\\\/en\\\/toode\\\/super-vidalista-80mg\\\/#primaryimage\",\"url\":\"https:\\\/\\\/kullipilleri.shop\\\/wp-content\\\/uploads\\\/2023\\\/02\\\/super-vidalista-1-624x624-1.jpg\",\"contentUrl\":\"https:\\\/\\\/kullipilleri.shop\\\/wp-content\\\/uploads\\\/2023\\\/02\\\/super-vidalista-1-624x624-1.jpg\",\"width\":624,\"height\":624},{\"@type\":\"BreadcrumbList\",\"@id\":\"https:\\\/\\\/kullipilleri.shop\\\/en\\\/toode\\\/super-vidalista-80mg\\\/#breadcrumb\",\"itemListElement\":[{\"@type\":\"ListItem\",\"position\":1,\"name\":\"Home\",\"item\":\"https:\\\/\\\/kullipilleri.shop\\\/en\\\/\"},{\"@type\":\"ListItem\",\"position\":2,\"name\":\"Shop\",\"item\":\"https:\\\/\\\/kullipilleri.shop\\\/en\\\/\"},{\"@type\":\"ListItem\",\"position\":3,\"name\":\"SPR VDLST 80\"}]},{\"@type\":\"WebSite\",\"@id\":\"https:\\\/\\\/kullipilleri.shop\\\/#website\",\"url\":\"https:\\\/\\\/kullipilleri.shop\\\/\",\"name\":\"KulliPilleri.com\",\"description\":\"High quality sex pills for treatment of erectile dysfunction.\",\"publisher\":{\"@id\":\"https:\\\/\\\/kullipilleri.shop\\\/#organization\"},\"potentialAction\":[{\"@type\":\"SearchAction\",\"target\":{\"@type\":\"EntryPoint\",\"urlTemplate\":\"https:\\\/\\\/kullipilleri.shop\\\/?s={search_term_string}\"},\"query-input\":{\"@type\":\"PropertyValueSpecification\",\"valueRequired\":true,\"valueName\":\"search_term_string\"}}],\"inLanguage\":\"en-US\"},{\"@type\":\"Organization\",\"@id\":\"https:\\\/\\\/kullipilleri.shop\\\/#organization\",\"name\":\"KulliPilleri\",\"url\":\"https:\\\/\\\/kullipilleri.shop\\\/\",\"logo\":{\"@type\":\"ImageObject\",\"inLanguage\":\"en-US\",\"@id\":\"https:\\\/\\\/kullipilleri.shop\\\/#\\\/schema\\\/logo\\\/image\\\/\",\"url\":\"https:\\\/\\\/kullipilleri.shop\\\/wp-content\\\/uploads\\\/2023\\\/02\\\/ikoon.png\",\"contentUrl\":\"https:\\\/\\\/kullipilleri.shop\\\/wp-content\\\/uploads\\\/2023\\\/02\\\/ikoon.png\",\"width\":513,\"height\":513,\"caption\":\"KulliPilleri\"},\"image\":{\"@id\":\"https:\\\/\\\/kullipilleri.shop\\\/#\\\/schema\\\/logo\\\/image\\\/\"}}]}<\/script>\n<meta property=\"product:brand\" content=\"Generic Cialis\" \/>\n<meta property=\"product:price:amount\" content=\"30.00\" \/>\n<meta property=\"product:price:currency\" content=\"EUR\" \/>\n<meta property=\"og:availability\" content=\"out of stock\" \/>\n<meta property=\"product:availability\" content=\"out of stock\" \/>\n<meta property=\"product:retailer_item_id\" content=\"VDLST-804461822\" \/>\n<meta property=\"product:condition\" content=\"new\" \/>\n<!-- \/ Yoast SEO Premium plugin. -->","yoast_head_json":{"title":"SPR VDLST 80 - KulliPilleri.com","robots":{"index":"index","follow":"follow","max-snippet":"max-snippet:-1","max-image-preview":"max-image-preview:large","max-video-preview":"max-video-preview:-1"},"canonical":"https:\/\/kullipilleri.shop\/en\/toode\/super-vidalista-80mg\/","og_locale":"en_US","og_type":"article","og_title":"SPR VDLST 80","og_description":"Super Vidalista 80 ja Tadapox 80 (Tadalafil 20mg &amp; Dapoxetine 60mg) on \u200b\u200bpopulaarne ja edukas erektsioonih\u00e4irete ravi. Sisaldavad samu toimeaineid nagu Cialis, saavad patsiendid t\u00f5husast raviajast kasu v\u00e4hemalt 36 tundi. See v\u00f5imaldab paaridel astuda vahekorda loomulikul ajal. See pikem efektiivne raviaeg on saanud Prantsusmaal ravimi h\u00fc\u00fcdnime \"Le Weekender\".","og_url":"https:\/\/kullipilleri.shop\/en\/toode\/super-vidalista-80mg\/","og_site_name":"KulliPilleri.com","article_modified_time":"2026-01-09T13:49:51+00:00","og_image":[{"width":624,"height":624,"url":"https:\/\/kullipilleri.shop\/wp-content\/uploads\/2023\/02\/super-vidalista-1-624x624-1.jpg","type":"image\/jpeg"}],"twitter_card":"summary_large_image","twitter_misc":{"Price":"30,00&euro;","Availability":"Out of stock"},"schema":{"@context":"https:\/\/schema.org","@graph":[{"@type":"WebPage","@id":"https:\/\/kullipilleri.shop\/en\/toode\/super-vidalista-80mg\/","url":"https:\/\/kullipilleri.shop\/en\/toode\/super-vidalista-80mg\/","name":"SPR VDLST 80 - KulliPilleri.com","isPartOf":{"@id":"https:\/\/kullipilleri.shop\/#website"},"primaryImageOfPage":{"@id":"https:\/\/kullipilleri.shop\/en\/toode\/super-vidalista-80mg\/#primaryimage"},"image":{"@id":"https:\/\/kullipilleri.shop\/en\/toode\/super-vidalista-80mg\/#primaryimage"},"thumbnailUrl":"https:\/\/kullipilleri.shop\/wp-content\/uploads\/2023\/02\/super-vidalista-1-624x624-1.jpg","datePublished":"2023-02-26T12:40:32+00:00","dateModified":"2026-01-09T13:49:51+00:00","breadcrumb":{"@id":"https:\/\/kullipilleri.shop\/en\/toode\/super-vidalista-80mg\/#breadcrumb"},"inLanguage":"en-US","potentialAction":[{"@type":"ReadAction","target":["https:\/\/kullipilleri.shop\/en\/toode\/super-vidalista-80mg\/"]}]},{"@type":"ImageObject","inLanguage":"en-US","@id":"https:\/\/kullipilleri.shop\/en\/toode\/super-vidalista-80mg\/#primaryimage","url":"https:\/\/kullipilleri.shop\/wp-content\/uploads\/2023\/02\/super-vidalista-1-624x624-1.jpg","contentUrl":"https:\/\/kullipilleri.shop\/wp-content\/uploads\/2023\/02\/super-vidalista-1-624x624-1.jpg","width":624,"height":624},{"@type":"BreadcrumbList","@id":"https:\/\/kullipilleri.shop\/en\/toode\/super-vidalista-80mg\/#breadcrumb","itemListElement":[{"@type":"ListItem","position":1,"name":"Home","item":"https:\/\/kullipilleri.shop\/en\/"},{"@type":"ListItem","position":2,"name":"Shop","item":"https:\/\/kullipilleri.shop\/en\/"},{"@type":"ListItem","position":3,"name":"SPR VDLST 80"}]},{"@type":"WebSite","@id":"https:\/\/kullipilleri.shop\/#website","url":"https:\/\/kullipilleri.shop\/","name":"KulliPilleri.com","description":"High quality sex pills for treatment of erectile dysfunction.","publisher":{"@id":"https:\/\/kullipilleri.shop\/#organization"},"potentialAction":[{"@type":"SearchAction","target":{"@type":"EntryPoint","urlTemplate":"https:\/\/kullipilleri.shop\/?s={search_term_string}"},"query-input":{"@type":"PropertyValueSpecification","valueRequired":true,"valueName":"search_term_string"}}],"inLanguage":"en-US"},{"@type":"Organization","@id":"https:\/\/kullipilleri.shop\/#organization","name":"KulliPilleri","url":"https:\/\/kullipilleri.shop\/","logo":{"@type":"ImageObject","inLanguage":"en-US","@id":"https:\/\/kullipilleri.shop\/#\/schema\/logo\/image\/","url":"https:\/\/kullipilleri.shop\/wp-content\/uploads\/2023\/02\/ikoon.png","contentUrl":"https:\/\/kullipilleri.shop\/wp-content\/uploads\/2023\/02\/ikoon.png","width":513,"height":513,"caption":"KulliPilleri"},"image":{"@id":"https:\/\/kullipilleri.shop\/#\/schema\/logo\/image\/"}}]},"product_brand":"Generic Cialis","product_price_amount":"30.00","product_price_currency":"EUR","og_availability":"out of stock","product_availability":"out of stock","product_retailer_item_id":"VDLST-804461822","product_condition":"new"},"_links":{"self":[{"href":"https:\/\/kullipilleri.shop\/en\/wp-json\/wp\/v2\/product\/1086","targetHints":{"allow":["GET"]}}],"collection":[{"href":"https:\/\/kullipilleri.shop\/en\/wp-json\/wp\/v2\/product"}],"about":[{"href":"https:\/\/kullipilleri.shop\/en\/wp-json\/wp\/v2\/types\/product"}],"wp:featuredmedia":[{"embeddable":true,"href":"https:\/\/kullipilleri.shop\/en\/wp-json\/wp\/v2\/media\/1087"}],"wp:attachment":[{"href":"https:\/\/kullipilleri.shop\/en\/wp-json\/wp\/v2\/media?parent=1086"}],"wp:term":[{"taxonomy":"product_brand","embeddable":true,"href":"https:\/\/kullipilleri.shop\/en\/wp-json\/wp\/v2\/product_brand?post=1086"},{"taxonomy":"product_cat","embeddable":true,"href":"https:\/\/kullipilleri.shop\/en\/wp-json\/wp\/v2\/product_cat?post=1086"},{"taxonomy":"product_tag","embeddable":true,"href":"https:\/\/kullipilleri.shop\/en\/wp-json\/wp\/v2\/product_tag?post=1086"}],"curies":[{"name":"wp","href":"https:\/\/api.w.org\/{rel}","templated":true}]}}